{"id":993,"date":"2025-08-04T22:05:05","date_gmt":"2025-08-04T20:05:05","guid":{"rendered":"https:\/\/rolandgermany-ty3n9nkzfz.live-website.com\/?post_type=product&#038;p=993"},"modified":"2025-08-31T11:20:34","modified_gmt":"2025-08-31T09:20:34","slug":"tablett-2-tlg-gold","status":"publish","type":"product","link":"https:\/\/rolandhome.de\/tr\/urun\/tablett-2-tlg-gold\/","title":{"rendered":"Panel 2 Adet. Alt\u0131n"},"content":{"rendered":"<p>Bu <strong data-start=\"168\" data-end=\"201\">Roland tepsi Tak\u0131m\u0131 (2&#039;li)<\/strong> zarafeti ve i\u015flevselli\u011fi birle\u015ftirir-Servis yapmak, S\u00fcslemek veya Hediye etmek i\u00e7in idealdir. Asil renk \u00e7e\u015fitlerinde mevcuttur <strong data-start=\"331\" data-end=\"339\">Alt\u0131n<\/strong> ve <strong data-start=\"344\" data-end=\"354\">G\u00fcm\u00fc\u015f<\/strong>tepsiler \u00e7ok y\u00f6nl\u00fcd\u00fcr ve her masaya \u015f\u0131k vurgular koyar. Ev, partiler veya hediye fikri olarak m\u00fckemmeldir.<\/p>","protected":false},"excerpt":{"rendered":"<p>alt\u0131n veya g\u00fcm\u00fc\u015ften yap\u0131lm\u0131\u015f 2 par\u00e7al\u0131 servis tepsisi \u2013 \u015f\u0131k, pratik ve \u00e7ok y\u00f6nl\u00fc.<\/p>","protected":false},"featured_media":994,"comment_status":"open","ping_status":"closed","template":"","meta":[],"product_brand":[],"product_cat":[55],"product_tag":[],"class_list":{"0":"post-993","1":"product","2":"type-product","3":"status-publish","4":"has-post-thumbnail","6":"product_cat-haushaltswaren","8":"first","9":"instock","10":"taxable","11":"shipping-taxable","12":"purchasable","13":"product-type-simple"},"_links":{"self":[{"href":"https:\/\/rolandhome.de\/tr\/wp-json\/wp\/v2\/product\/993","targetHints":{"allow":["GET"]}}],"collection":[{"href":"https:\/\/rolandhome.de\/tr\/wp-json\/wp\/v2\/product"}],"about":[{"href":"https:\/\/rolandhome.de\/tr\/wp-json\/wp\/v2\/types\/product"}],"replies":[{"embeddable":true,"href":"https:\/\/rolandhome.de\/tr\/wp-json\/wp\/v2\/comments?post=993"}],"wp:featuredmedia":[{"embeddable":true,"href":"https:\/\/rolandhome.de\/tr\/wp-json\/wp\/v2\/media\/994"}],"wp:attachment":[{"href":"https:\/\/rolandhome.de\/tr\/wp-json\/wp\/v2\/media?parent=993"}],"wp:term":[{"taxonomy":"product_brand","embeddable":true,"href":"https:\/\/rolandhome.de\/tr\/wp-json\/wp\/v2\/product_brand?post=993"},{"taxonomy":"product_cat","embeddable":true,"href":"https:\/\/rolandhome.de\/tr\/wp-json\/wp\/v2\/product_cat?post=993"},{"taxonomy":"product_tag","embeddable":true,"href":"https:\/\/rolandhome.de\/tr\/wp-json\/wp\/v2\/product_tag?post=993"}],"curies":[{"name":"wp","href":"https:\/\/api.w.org\/{rel}","templated":true}]}}