{"id":988,"date":"2025-08-04T22:02:40","date_gmt":"2025-08-04T20:02:40","guid":{"rendered":"https:\/\/rolandgermany-ty3n9nkzfz.live-website.com\/?post_type=product&#038;p=988"},"modified":"2026-03-13T11:50:31","modified_gmt":"2026-03-13T10:50:31","slug":"roland-3tlg-pfannen-set-schwarz","status":"publish","type":"product","link":"https:\/\/rolandhome.de\/tr\/urun\/roland-3tlg-pfannen-set-schwarz\/","title":{"rendered":"Roland 3 adet. Tava Seti, Siyah"},"content":{"rendered":"<p>Bu <strong data-start=\"177\" data-end=\"218\">Roland Almanya tava Tak\u0131m\u0131 (3&#039;l\u00fc)<\/strong> uzun \u00f6m\u00fcrl\u00fc kalite ve \u00e7ok y\u00f6nl\u00fcl\u00fck ile ikna. Bu <strong data-start=\"291\" data-end=\"316\">Al\u00fcminyumdan yap\u0131lm\u0131\u015f tavalar<\/strong> hafif, \u0131s\u0131ya dayan\u0131kl\u0131 ve <strong data-start=\"359\" data-end=\"378\">\u0130nd\u00fcksiyon alt<\/strong> mobilyal\u0131-i\u00e7in uygun <strong data-start=\"407\" data-end=\"463\">Gazl\u0131, elektrikli, Halojen, seramik ve ind\u00fcksiyonlu ocaklar<\/strong>. \u00dc\u00e7 boyutlar\u0131 ile <strong data-start=\"485\" data-end=\"511\">20 cm, 24 cm ve 28 cm<\/strong> yumurtadan aile k\u0131zartma tavas\u0131na kadar herhangi bir pi\u015firme durumu i\u00e7in haz\u0131r m\u0131s\u0131n\u0131z?<\/p>","protected":false},"excerpt":{"rendered":"<p>ind\u00fcksiyon tabanl\u0131 al\u00fcminyumdan yap\u0131lm\u0131\u015f 3 par\u00e7al\u0131 k\u0131zartma tavas\u0131 Seti (20 cm, 24 cm, 28 cm) \u2013 ind\u00fcksiyon dahil t\u00fcm yayg\u0131n soba tipleri i\u00e7in uygundur.<\/p>","protected":false},"featured_media":989,"comment_status":"open","ping_status":"closed","template":"","meta":[],"product_brand":[],"product_cat":[55],"product_tag":[],"class_list":{"0":"post-988","1":"product","2":"type-product","3":"status-publish","4":"has-post-thumbnail","6":"product_cat-haushaltswaren","8":"first","9":"instock","10":"sale","11":"taxable","12":"shipping-taxable","13":"purchasable","14":"product-type-simple"},"_links":{"self":[{"href":"https:\/\/rolandhome.de\/tr\/wp-json\/wp\/v2\/product\/988","targetHints":{"allow":["GET"]}}],"collection":[{"href":"https:\/\/rolandhome.de\/tr\/wp-json\/wp\/v2\/product"}],"about":[{"href":"https:\/\/rolandhome.de\/tr\/wp-json\/wp\/v2\/types\/product"}],"replies":[{"embeddable":true,"href":"https:\/\/rolandhome.de\/tr\/wp-json\/wp\/v2\/comments?post=988"}],"wp:featuredmedia":[{"embeddable":true,"href":"https:\/\/rolandhome.de\/tr\/wp-json\/wp\/v2\/media\/989"}],"wp:attachment":[{"href":"https:\/\/rolandhome.de\/tr\/wp-json\/wp\/v2\/media?parent=988"}],"wp:term":[{"taxonomy":"product_brand","embeddable":true,"href":"https:\/\/rolandhome.de\/tr\/wp-json\/wp\/v2\/product_brand?post=988"},{"taxonomy":"product_cat","embeddable":true,"href":"https:\/\/rolandhome.de\/tr\/wp-json\/wp\/v2\/product_cat?post=988"},{"taxonomy":"product_tag","embeddable":true,"href":"https:\/\/rolandhome.de\/tr\/wp-json\/wp\/v2\/product_tag?post=988"}],"curies":[{"name":"wp","href":"https:\/\/api.w.org\/{rel}","templated":true}]}}