{"id":984,"date":"2025-08-04T22:00:54","date_gmt":"2025-08-04T20:00:54","guid":{"rendered":"https:\/\/rolandgermany-ty3n9nkzfz.live-website.com\/?post_type=product&#038;p=984"},"modified":"2026-03-06T11:22:49","modified_gmt":"2026-03-06T10:22:49","slug":"metzger-messer-set-5tlg-schwarz","status":"publish","type":"product","link":"https:\/\/rolandhome.de\/tr\/urun\/metzger-messer-set-5tlg-schwarz\/","title":{"rendered":"Kasap b\u0131\u00e7a\u011f\u0131 Seti, 5pt. Siyah"},"content":{"rendered":"<p>Bu <strong data-start=\"203\" data-end=\"250\">Roland Almanya kasap b\u0131\u00e7a\u011f\u0131 Seti (5&#039;li)<\/strong> mutfakta, \u0131zgarada veya profesyonel kullan\u0131mda et i\u015fleme i\u00e7in hassas ve g\u00fcvenilir aletler. Dahil olan iki <strong data-start=\"406\" data-end=\"443\">Et b\u0131\u00e7a\u011f\u0131 (230 mm 210 mm)<\/strong>iki <strong data-start=\"450\" data-end=\"483\">Yap\u0131\u015ft\u0131rma b\u0131\u00e7a\u011f\u0131 (200 mm ve 180 mm)<\/strong> hem de bir <strong data-start=\"494\" data-end=\"520\">Kemiksi sapl\u0131 b\u0131\u00e7ak (130 mm)<\/strong>. B\u0131\u00e7aklar \u015fu renklerde mevcuttur <strong data-start=\"559\" data-end=\"567\">Sar\u0131<\/strong> ve <strong data-start=\"572\" data-end=\"583\">Siyah<\/strong> mevcut-g\u00fcvenli \u00c7al\u0131\u015fma i\u00e7in sa\u011flam, ergonomik ve m\u00fckemmel dengelenmi\u015f.<\/p>","protected":false},"excerpt":{"rendered":"<p>profesyonel standartlarda hassas Kesim, Batma ve kemikle\u015fme i\u00e7in Siyah renkte 5 par\u00e7a kasap b\u0131\u00e7a\u011f\u0131 seti.<\/p>","protected":false},"featured_media":986,"comment_status":"open","ping_status":"closed","template":"","meta":[],"product_brand":[],"product_cat":[55],"product_tag":[],"class_list":{"0":"post-984","1":"product","2":"type-product","3":"status-publish","4":"has-post-thumbnail","6":"product_cat-haushaltswaren","8":"first","9":"instock","10":"sale","11":"taxable","12":"shipping-taxable","13":"purchasable","14":"product-type-simple"},"_links":{"self":[{"href":"https:\/\/rolandhome.de\/tr\/wp-json\/wp\/v2\/product\/984","targetHints":{"allow":["GET"]}}],"collection":[{"href":"https:\/\/rolandhome.de\/tr\/wp-json\/wp\/v2\/product"}],"about":[{"href":"https:\/\/rolandhome.de\/tr\/wp-json\/wp\/v2\/types\/product"}],"replies":[{"embeddable":true,"href":"https:\/\/rolandhome.de\/tr\/wp-json\/wp\/v2\/comments?post=984"}],"wp:featuredmedia":[{"embeddable":true,"href":"https:\/\/rolandhome.de\/tr\/wp-json\/wp\/v2\/media\/986"}],"wp:attachment":[{"href":"https:\/\/rolandhome.de\/tr\/wp-json\/wp\/v2\/media?parent=984"}],"wp:term":[{"taxonomy":"product_brand","embeddable":true,"href":"https:\/\/rolandhome.de\/tr\/wp-json\/wp\/v2\/product_brand?post=984"},{"taxonomy":"product_cat","embeddable":true,"href":"https:\/\/rolandhome.de\/tr\/wp-json\/wp\/v2\/product_cat?post=984"},{"taxonomy":"product_tag","embeddable":true,"href":"https:\/\/rolandhome.de\/tr\/wp-json\/wp\/v2\/product_tag?post=984"}],"curies":[{"name":"wp","href":"https:\/\/api.w.org\/{rel}","templated":true}]}}