{"id":980,"date":"2025-08-04T21:59:24","date_gmt":"2025-08-04T19:59:24","guid":{"rendered":"https:\/\/rolandgermany-ty3n9nkzfz.live-website.com\/?post_type=product&#038;p=980"},"modified":"2026-03-06T11:22:34","modified_gmt":"2026-03-06T10:22:34","slug":"metzger-messer-set-5tlg-gelb","status":"publish","type":"product","link":"https:\/\/rolandhome.de\/tr\/urun\/metzger-messer-set-5tlg-gelb\/","title":{"rendered":"Kasap b\u0131\u00e7a\u011f\u0131 Seti, 5pt. Sar\u0131"},"content":{"rendered":"<p>Bu <strong data-start=\"203\" data-end=\"250\">Roland Almanya kasap b\u0131\u00e7a\u011f\u0131 Seti (5&#039;li)<\/strong> mutfakta, kasap d\u00fckkan\u0131nda veya barbek\u00fcde hassas \u0130\u015fler i\u00e7in idealdir. \u0130ki tane i\u00e7erir <strong data-start=\"338\" data-end=\"375\">Et b\u0131\u00e7a\u011f\u0131 (230 mm 210 mm)<\/strong>iki <strong data-start=\"382\" data-end=\"415\">Yap\u0131\u015ft\u0131rma b\u0131\u00e7a\u011f\u0131 (200 mm ve 180 mm)<\/strong> hem de bir <strong data-start=\"426\" data-end=\"452\">Kemiksi sapl\u0131 b\u0131\u00e7ak (130 mm)<\/strong> \u2013 her t\u00fcrl\u00fc et i\u015fleme i\u00e7in m\u00fckemmel \u015fekilde tasarlanm\u0131\u015ft\u0131r. Ergonomik tutamaklar sayesinde b\u0131\u00e7ak elde emniyetlidir ve <strong data-start=\"587\" data-end=\"609\">iki renk se\u00e7ene\u011fi<\/strong> mevcut-net bir \u00f6dev i\u00e7in veya sadece tatmak i\u00e7in.<\/p>","protected":false},"excerpt":{"rendered":"<p>iki renk se\u00e7ene\u011finde ergonomik kulplu 5 par\u00e7al\u0131 kasap b\u0131\u00e7a\u011f\u0131 Seti \u2013 hassas Kesim, Batma ve kemiklenme i\u00e7in.<\/p>","protected":false},"featured_media":982,"comment_status":"open","ping_status":"closed","template":"","meta":[],"product_brand":[],"product_cat":[55],"product_tag":[],"class_list":{"0":"post-980","1":"product","2":"type-product","3":"status-publish","4":"has-post-thumbnail","6":"product_cat-haushaltswaren","8":"first","9":"instock","10":"sale","11":"taxable","12":"shipping-taxable","13":"purchasable","14":"product-type-simple"},"_links":{"self":[{"href":"https:\/\/rolandhome.de\/tr\/wp-json\/wp\/v2\/product\/980","targetHints":{"allow":["GET"]}}],"collection":[{"href":"https:\/\/rolandhome.de\/tr\/wp-json\/wp\/v2\/product"}],"about":[{"href":"https:\/\/rolandhome.de\/tr\/wp-json\/wp\/v2\/types\/product"}],"replies":[{"embeddable":true,"href":"https:\/\/rolandhome.de\/tr\/wp-json\/wp\/v2\/comments?post=980"}],"wp:featuredmedia":[{"embeddable":true,"href":"https:\/\/rolandhome.de\/tr\/wp-json\/wp\/v2\/media\/982"}],"wp:attachment":[{"href":"https:\/\/rolandhome.de\/tr\/wp-json\/wp\/v2\/media?parent=980"}],"wp:term":[{"taxonomy":"product_brand","embeddable":true,"href":"https:\/\/rolandhome.de\/tr\/wp-json\/wp\/v2\/product_brand?post=980"},{"taxonomy":"product_cat","embeddable":true,"href":"https:\/\/rolandhome.de\/tr\/wp-json\/wp\/v2\/product_cat?post=980"},{"taxonomy":"product_tag","embeddable":true,"href":"https:\/\/rolandhome.de\/tr\/wp-json\/wp\/v2\/product_tag?post=980"}],"curies":[{"name":"wp","href":"https:\/\/api.w.org\/{rel}","templated":true}]}}