{"id":966,"date":"2025-08-04T21:52:28","date_gmt":"2025-08-04T19:52:28","guid":{"rendered":"https:\/\/rolandgermany-ty3n9nkzfz.live-website.com\/?post_type=product&#038;p=966"},"modified":"2026-03-19T13:06:37","modified_gmt":"2026-03-19T12:06:37","slug":"28-x-butan-gaskartusche-mit-ventil-227g-400ml","status":"publish","type":"product","link":"https:\/\/rolandhome.de\/tr\/urun\/28-x-butan-gaskartusche-mit-ventil-227g-400ml\/","title":{"rendered":"28 x b\u00fctan gaz bidonu ile vana 227g 400 ml"},"content":{"rendered":"<p>Set \u015funlar\u0131 i\u00e7erir <strong data-start=\"198\" data-end=\"224\">28 B\u00fctan Gaz\u0131 Kartu\u015fu<\/strong> ile <strong data-start=\"229\" data-end=\"248\">Valf ba\u011flant\u0131s\u0131<\/strong>, s\u0131ras\u0131yla, ile <strong data-start=\"262\" data-end=\"280\">227 g \/ 400 ml<\/strong> \u0130\u00e7erik - herkes i\u00e7in uygun ortak <strong data-start=\"316\" data-end=\"378\">Kamp sobas\u0131, br\u00fcl\u00f6rler, \u0131zgaralar, \u0131s\u0131t\u0131c\u0131lar, \u00fct\u00fcler ve tabancalar<\/strong>. Kartu\u015flar a\u015fa\u011f\u0131dakiler i\u00e7in idealdir <strong data-start=\"414\" data-end=\"433\">D\u0131\u015f Mekan Kullan\u0131m\u0131<\/strong> kamp yaparken, \u0131zgara yaparken veya acil durumlarda. Kullan\u0131m\u0131 kolay, g\u00fcvenilir performans.<\/p>","protected":false},"excerpt":{"rendered":"<p>28 b\u00fctan gaz\u0131 kartu\u015fu \u00e0 valfli 227 g-t\u00fcm yayg\u0131n modeller i\u00e7in kamp sobas\u0131, br\u00fcl\u00f6rler, \u0131zgaralar ve \u0131s\u0131t\u0131c\u0131lar i\u00e7in idealdir.<\/p>","protected":false},"featured_media":1116,"comment_status":"open","ping_status":"closed","template":"","meta":[],"product_brand":[],"product_cat":[57],"product_tag":[],"class_list":{"0":"post-966","1":"product","2":"type-product","3":"status-publish","4":"has-post-thumbnail","6":"product_cat-butangas-camping","8":"first","9":"instock","10":"sale","11":"taxable","12":"shipping-taxable","13":"purchasable","14":"product-type-simple"},"_links":{"self":[{"href":"https:\/\/rolandhome.de\/tr\/wp-json\/wp\/v2\/product\/966","targetHints":{"allow":["GET"]}}],"collection":[{"href":"https:\/\/rolandhome.de\/tr\/wp-json\/wp\/v2\/product"}],"about":[{"href":"https:\/\/rolandhome.de\/tr\/wp-json\/wp\/v2\/types\/product"}],"replies":[{"embeddable":true,"href":"https:\/\/rolandhome.de\/tr\/wp-json\/wp\/v2\/comments?post=966"}],"wp:featuredmedia":[{"embeddable":true,"href":"https:\/\/rolandhome.de\/tr\/wp-json\/wp\/v2\/media\/1116"}],"wp:attachment":[{"href":"https:\/\/rolandhome.de\/tr\/wp-json\/wp\/v2\/media?parent=966"}],"wp:term":[{"taxonomy":"product_brand","embeddable":true,"href":"https:\/\/rolandhome.de\/tr\/wp-json\/wp\/v2\/product_brand?post=966"},{"taxonomy":"product_cat","embeddable":true,"href":"https:\/\/rolandhome.de\/tr\/wp-json\/wp\/v2\/product_cat?post=966"},{"taxonomy":"product_tag","embeddable":true,"href":"https:\/\/rolandhome.de\/tr\/wp-json\/wp\/v2\/product_tag?post=966"}],"curies":[{"name":"wp","href":"https:\/\/api.w.org\/{rel}","templated":true}]}}