{"id":951,"date":"2025-08-04T21:24:30","date_gmt":"2025-08-04T19:24:30","guid":{"rendered":"https:\/\/rolandgermany-ty3n9nkzfz.live-website.com\/?post_type=product&#038;p=951"},"modified":"2026-04-06T19:44:56","modified_gmt":"2026-04-06T17:44:56","slug":"roland-4x-putztuecher-gelb","status":"publish","type":"product","link":"https:\/\/rolandhome.de\/tr\/urun\/roland-4x-putztuecher-gelb\/","title":{"rendered":"Roland 4x temizlik bezleri Sar\u0131"},"content":{"rendered":"<p>Die <strong data-start=\"168\" data-end=\"201\">4&#039;l\u00fc Pakette Roland temizlik bezleri<\/strong> her ikisi i\u00e7in de \u00e7ok y\u00f6nl\u00fc <strong data-start=\"248\" data-end=\"286\">kuru ve \u0131slak kullan\u0131m<\/strong> uygun. Temiz <strong data-start=\"310\" data-end=\"330\">t\u00fcm y\u00fczeyler<\/strong> \u00e7izik, toz veya \u00e7izgi b\u0131rakmadan iyice temizleyin. Onlar\u0131n sayesinde <strong data-start=\"404\" data-end=\"434\">y\u00fcksek s\u0131v\u0131 al\u0131m\u0131<\/strong> ve bunlar\u0131 kullanma olas\u0131l\u0131\u011f\u0131 <strong data-start=\"464\" data-end=\"501\">Y\u0131kamak i\u00e7in s\u0131cak suda 60 \u00b0C<\/strong>\u00f6zellikle hijyeniksiniz ve dayan\u0131kl\u0131s\u0131n\u0131z-evde g\u00fcnl\u00fck kullan\u0131m i\u00e7in idealdir.<\/p>","protected":false},"excerpt":{"rendered":"<p>Islak veya kuru t\u00fcm y\u00fczeylerde \u00e7izgisiz Temizlik i\u00e7in 60 \u00b0C&#039;de makinede y\u0131kanabilir, y\u00fcksek emi\u015f g\u00fcc\u00fcne sahip 4 temizlik bezi seti.<\/p>","protected":false},"featured_media":952,"comment_status":"open","ping_status":"closed","template":"","meta":[],"product_brand":[],"product_cat":[54],"product_tag":[],"class_list":{"0":"post-951","1":"product","2":"type-product","3":"status-publish","4":"has-post-thumbnail","6":"product_cat-textilien","8":"first","9":"instock","10":"sale","11":"taxable","12":"shipping-taxable","13":"purchasable","14":"product-type-simple"},"_links":{"self":[{"href":"https:\/\/rolandhome.de\/tr\/wp-json\/wp\/v2\/product\/951","targetHints":{"allow":["GET"]}}],"collection":[{"href":"https:\/\/rolandhome.de\/tr\/wp-json\/wp\/v2\/product"}],"about":[{"href":"https:\/\/rolandhome.de\/tr\/wp-json\/wp\/v2\/types\/product"}],"replies":[{"embeddable":true,"href":"https:\/\/rolandhome.de\/tr\/wp-json\/wp\/v2\/comments?post=951"}],"wp:featuredmedia":[{"embeddable":true,"href":"https:\/\/rolandhome.de\/tr\/wp-json\/wp\/v2\/media\/952"}],"wp:attachment":[{"href":"https:\/\/rolandhome.de\/tr\/wp-json\/wp\/v2\/media?parent=951"}],"wp:term":[{"taxonomy":"product_brand","embeddable":true,"href":"https:\/\/rolandhome.de\/tr\/wp-json\/wp\/v2\/product_brand?post=951"},{"taxonomy":"product_cat","embeddable":true,"href":"https:\/\/rolandhome.de\/tr\/wp-json\/wp\/v2\/product_cat?post=951"},{"taxonomy":"product_tag","embeddable":true,"href":"https:\/\/rolandhome.de\/tr\/wp-json\/wp\/v2\/product_tag?post=951"}],"curies":[{"name":"wp","href":"https:\/\/api.w.org\/{rel}","templated":true}]}}