{"id":1905,"date":"2026-04-30T09:43:28","date_gmt":"2026-04-30T07:43:28","guid":{"rendered":"https:\/\/rolandhome.de\/?post_type=product&#038;p=1905"},"modified":"2026-04-30T09:49:54","modified_gmt":"2026-04-30T07:49:54","slug":"teekocher-roland-tea-time-2","status":"publish","type":"product","link":"https:\/\/rolandhome.de\/tr\/urun\/teekocher-roland-tea-time-2\/","title":{"rendered":"Teekocher Roland Caycim"},"content":{"rendered":"<p>2 Jahre Roland Garantie,&nbsp;Nur g\u00fcltig mit original Verpackung<br \/>\nY\u0130YECEK, Y\u0130YECEK \u0130\u00c7ECEK VEYA END\u00dcSTR\u0130YEL AMA\u00c7LAR \u0130\u00c7\u0130N UYGUN DE\u011e\u0130LD\u0130R<\/p>","protected":false},"excerpt":{"rendered":"<p>Premium-Teekocher mit Wasserkocher. Edelstahlfilter, Wasserstandsanzeige und einfache Bedienung. Energiesparend bis zu 90 % und stilvolles Design f\u00fcr gem\u00fctliche Teestunden.<\/p>","protected":false},"featured_media":1906,"comment_status":"open","ping_status":"closed","template":"","meta":[],"product_brand":[],"product_cat":[53],"product_tag":[],"class_list":{"0":"post-1905","1":"product","2":"type-product","3":"status-publish","4":"has-post-thumbnail","6":"product_cat-elektro","8":"first","9":"instock","10":"taxable","11":"shipping-taxable","12":"purchasable","13":"product-type-simple"},"_links":{"self":[{"href":"https:\/\/rolandhome.de\/tr\/wp-json\/wp\/v2\/product\/1905","targetHints":{"allow":["GET"]}}],"collection":[{"href":"https:\/\/rolandhome.de\/tr\/wp-json\/wp\/v2\/product"}],"about":[{"href":"https:\/\/rolandhome.de\/tr\/wp-json\/wp\/v2\/types\/product"}],"replies":[{"embeddable":true,"href":"https:\/\/rolandhome.de\/tr\/wp-json\/wp\/v2\/comments?post=1905"}],"wp:featuredmedia":[{"embeddable":true,"href":"https:\/\/rolandhome.de\/tr\/wp-json\/wp\/v2\/media\/1906"}],"wp:attachment":[{"href":"https:\/\/rolandhome.de\/tr\/wp-json\/wp\/v2\/media?parent=1905"}],"wp:term":[{"taxonomy":"product_brand","embeddable":true,"href":"https:\/\/rolandhome.de\/tr\/wp-json\/wp\/v2\/product_brand?post=1905"},{"taxonomy":"product_cat","embeddable":true,"href":"https:\/\/rolandhome.de\/tr\/wp-json\/wp\/v2\/product_cat?post=1905"},{"taxonomy":"product_tag","embeddable":true,"href":"https:\/\/rolandhome.de\/tr\/wp-json\/wp\/v2\/product_tag?post=1905"}],"curies":[{"name":"wp","href":"https:\/\/api.w.org\/{rel}","templated":true}]}}