{"id":1782,"date":"2026-03-05T17:00:23","date_gmt":"2026-03-05T16:00:23","guid":{"rendered":"https:\/\/rolandhome.de\/?post_type=product&#038;p=1782"},"modified":"2026-03-05T17:00:23","modified_gmt":"2026-03-05T16:00:23","slug":"roland-germany-xxl-pizza-pfanne-42-9-cm","status":"publish","type":"product","link":"https:\/\/rolandhome.de\/tr\/urun\/roland-germany-xxl-pizza-pfanne-42-9-cm\/","title":{"rendered":"Roland Germany XXL Pizza Pfanne (42\/9 cm)"},"content":{"rendered":"<p>Roland Germany XXL Pizza Tavas\u0131, 42 cm Ekstra Derin, 9 cm Y\u00fcksek, Cam Kapakl\u0131, Elektrikli Pizza Tavas\u0131 (42\/9 cm)<\/p>\n<p>Bu makale hakk\u0131nda bilgi<\/p>\n<ul>\n<li>BOYUT: 42 cm \u00e7ap\u0131ndaki Roland Almanya pizza tavas\u0131, b\u00fcy\u00fck aile pizzalar\u0131 veya ayn\u0131 anda birka\u00e7 k\u00fc\u00e7\u00fck pizza i\u00e7in yeterli alan sunar.<\/li>\n<li>EKSTRA DER\u0130N: 9 cm derinli\u011fiyle bu tava sadece pizza i\u00e7in de\u011fil, ayn\u0131 zamanda derin ki\u015fler, g\u00fcve\u00e7ler ve di\u011fer f\u0131r\u0131nlanm\u0131\u015f \u00fcr\u00fcnler i\u00e7in de uygundur.<\/li>\n<li>KAL\u0130TEL\u0130 \u00dcR\u00dcN: Uzun \u00f6m\u00fcrl\u00fc kullan\u0131m ve e\u015fit \u0131s\u0131 da\u011f\u0131l\u0131m\u0131 i\u00e7in y\u00fcksek kaliteli malzemelerle Almanya'da \u00fcretilmi\u015ftir.<\/li>\n<li>PRAT\u0130K TASARIM: Is\u0131 kayb\u0131 olmadan pi\u015firme s\u00fcrecini kontrol etmeyi sa\u011flayan cam kapak ve g\u00fcvenli ta\u015f\u0131ma i\u00e7in ergonomik kulplar.<\/li>\n<li>\u00c7OK Y\u00d6NL\u00dc: Ev yap\u0131m\u0131 pizzalar i\u00e7in idealdir, ancak tarte flamb\u00e9e, focaccia ve di\u011fer f\u0131r\u0131nlanm\u0131\u015f \u00f6zel lezzetler i\u00e7in de uygundur.<\/li>\n<\/ul>","protected":false},"excerpt":{"rendered":"<p>Roland Germany XXL Pizza Pfanne, 42cm Extra Tief, 9cm H\u00f6he, mit Glasdeckel, Elektrische Pizzapfanne (42\/9 cm) Info zu diesem Artikel GR\u00d6SSE: Die [&hellip;]<\/p>\n","protected":false},"featured_media":1778,"comment_status":"open","ping_status":"closed","template":"","meta":[],"product_brand":[],"product_cat":[53],"product_tag":[],"class_list":{"0":"post-1782","1":"product","2":"type-product","3":"status-publish","4":"has-post-thumbnail","6":"product_cat-elektro","8":"first","9":"instock","10":"taxable","11":"shipping-taxable","12":"purchasable","13":"product-type-simple"},"_links":{"self":[{"href":"https:\/\/rolandhome.de\/tr\/wp-json\/wp\/v2\/product\/1782","targetHints":{"allow":["GET"]}}],"collection":[{"href":"https:\/\/rolandhome.de\/tr\/wp-json\/wp\/v2\/product"}],"about":[{"href":"https:\/\/rolandhome.de\/tr\/wp-json\/wp\/v2\/types\/product"}],"replies":[{"embeddable":true,"href":"https:\/\/rolandhome.de\/tr\/wp-json\/wp\/v2\/comments?post=1782"}],"wp:featuredmedia":[{"embeddable":true,"href":"https:\/\/rolandhome.de\/tr\/wp-json\/wp\/v2\/media\/1778"}],"wp:attachment":[{"href":"https:\/\/rolandhome.de\/tr\/wp-json\/wp\/v2\/media?parent=1782"}],"wp:term":[{"taxonomy":"product_brand","embeddable":true,"href":"https:\/\/rolandhome.de\/tr\/wp-json\/wp\/v2\/product_brand?post=1782"},{"taxonomy":"product_cat","embeddable":true,"href":"https:\/\/rolandhome.de\/tr\/wp-json\/wp\/v2\/product_cat?post=1782"},{"taxonomy":"product_tag","embeddable":true,"href":"https:\/\/rolandhome.de\/tr\/wp-json\/wp\/v2\/product_tag?post=1782"}],"curies":[{"name":"wp","href":"https:\/\/api.w.org\/{rel}","templated":true}]}}