{"id":1372,"date":"2025-10-10T12:51:43","date_gmt":"2025-10-10T10:51:43","guid":{"rendered":"https:\/\/rolandhome.de\/?post_type=product&#038;p=1372"},"modified":"2026-03-26T14:07:37","modified_gmt":"2026-03-26T13:07:37","slug":"sleepy-rot","status":"publish","type":"product","link":"https:\/\/rolandhome.de\/tr\/urun\/sleepy-rot\/","title":{"rendered":"Sleepy K\u0131rm\u0131z\u0131"},"content":{"rendered":"<p style=\"font-weight: 400\">Sleepy Easy Clean K\u0131rm\u0131z\u0131 6x100 Adet<\/p>\n<p style=\"font-weight: 400\">Sleepy Easy Clean \u2013 M\u00fckemmel temizlik i\u00e7in do\u011fal form\u00fcl!<\/p>\n<p style=\"font-weight: 400\" data-start=\"233\" data-end=\"548\">Sleepy Easy Clean temizleme mendillerini ke\u015ffedin \u2013 evinizin her yerinde iz b\u0131rakmadan temizlik sa\u011flayan kolay, h\u0131zl\u0131 ve hijyenik \u00e7\u00f6z\u00fcm!<\/p>\n<p style=\"font-weight: 400\" data-start=\"550\" data-end=\"588\">\u00c7ok y\u00f6nl\u00fc kullan\u0131m alanlar\u0131:<\/p>\n<ul>\n<li data-start=\"874\" data-end=\"909\">Cam, ah\u015fap ve seramik y\u00fczeyler<\/li>\n<li data-start=\"912\" data-end=\"950\">Masalar, tezg\u00e2hlar ve ocak y\u00fczeyleri<\/li>\n<li data-start=\"953\" data-end=\"986\">Ekranlar, telefonlar ve tabletler<\/li>\n<li data-start=\"989\" data-end=\"1019\">Lavabolar, tuvaletler ve banyolar<\/li>\n<li data-start=\"1022\" data-end=\"1047\">Hal\u0131lar, koltuklar ve mobilyalar<\/li>\n<\/ul>","protected":false},"excerpt":{"rendered":"<p data-start=\"233\" data-end=\"548\">Sleepy Easy Clean temizleme mendillerini ke\u015ffedin \u2013 evinizin her yerinde iz b\u0131rakmadan temizlik sa\u011flayan kolay, h\u0131zl\u0131 ve hijyenik \u00e7\u00f6z\u00fcm!<\/p>","protected":false},"featured_media":1384,"comment_status":"open","ping_status":"closed","template":"","meta":[],"product_brand":[],"product_cat":[56],"product_tag":[],"class_list":{"0":"post-1372","1":"product","2":"type-product","3":"status-publish","4":"has-post-thumbnail","6":"product_cat-sleepy","8":"first","9":"outofstock","10":"sale","11":"taxable","12":"shipping-taxable","13":"purchasable","14":"product-type-simple"},"_links":{"self":[{"href":"https:\/\/rolandhome.de\/tr\/wp-json\/wp\/v2\/product\/1372","targetHints":{"allow":["GET"]}}],"collection":[{"href":"https:\/\/rolandhome.de\/tr\/wp-json\/wp\/v2\/product"}],"about":[{"href":"https:\/\/rolandhome.de\/tr\/wp-json\/wp\/v2\/types\/product"}],"replies":[{"embeddable":true,"href":"https:\/\/rolandhome.de\/tr\/wp-json\/wp\/v2\/comments?post=1372"}],"wp:featuredmedia":[{"embeddable":true,"href":"https:\/\/rolandhome.de\/tr\/wp-json\/wp\/v2\/media\/1384"}],"wp:attachment":[{"href":"https:\/\/rolandhome.de\/tr\/wp-json\/wp\/v2\/media?parent=1372"}],"wp:term":[{"taxonomy":"product_brand","embeddable":true,"href":"https:\/\/rolandhome.de\/tr\/wp-json\/wp\/v2\/product_brand?post=1372"},{"taxonomy":"product_cat","embeddable":true,"href":"https:\/\/rolandhome.de\/tr\/wp-json\/wp\/v2\/product_cat?post=1372"},{"taxonomy":"product_tag","embeddable":true,"href":"https:\/\/rolandhome.de\/tr\/wp-json\/wp\/v2\/product_tag?post=1372"}],"curies":[{"name":"wp","href":"https:\/\/api.w.org\/{rel}","templated":true}]}}