{"id":1219,"date":"2025-09-03T21:13:12","date_gmt":"2025-09-03T19:13:12","guid":{"rendered":"https:\/\/rolandhome.de\/?post_type=product&#038;p=1219"},"modified":"2026-03-06T10:55:06","modified_gmt":"2026-03-06T09:55:06","slug":"obst-und-brotmesser-6-teiliges-set","status":"publish","type":"product","link":"https:\/\/rolandhome.de\/tr\/urun\/obst-und-brotmesser-6-teiliges-set\/","title":{"rendered":"Meyve ve Ekmek B\u0131\u00e7a\u011f\u0131 \u2013 6 Adet"},"content":{"rendered":"<p>\u00dcr\u00fcn Kodu: 47860<\/p>\n<p>Pratik, \u015f\u0131k ve \u00e7ok y\u00f6nl\u00fc \u2013 6 Adet Meyve ve Ekmek B\u0131\u00e7a\u011f\u0131 Seti, mutfak ve sofran\u0131z i\u00e7in m\u00fckemmel bir yard\u0131mc\u0131d\u0131r. Meyve, sebze ve ekmek kesmek i\u00e7in ideal olan bu b\u0131\u00e7aklar, kalite, tasar\u0131m ve i\u015flevsellik ile \u00f6ne \u00e7\u0131kar.<\/p>\n<p>\u00dcr\u00fcn \u00d6zellikleri:<\/p>\n<ul>\n<li>Set: 6 b\u0131\u00e7ak<\/li>\n<li>Renkler: Beyaz, Gri, Siyah \u2013 her mutfa\u011fa uyumlu modern tasar\u0131m<\/li>\n<li>B\u0131\u00e7ak Uzunlu\u011fu: 10 cm \u2013 meyve, sebze ve ekmek i\u00e7in ideal<\/li>\n<li>Malzeme: Hassas kesim i\u00e7in y\u00fcksek kaliteli b\u0131\u00e7aklar<\/li>\n<li>Ergonomik sap \u2013 rahat kullan\u0131m sa\u011flar<\/li>\n<li>Kolay temizlenebilir<\/li>\n<li>Bu Meyve ve Ekmek B\u0131\u00e7a\u011f\u0131 Seti ile ister evde, ister kahvalt\u0131, brunch veya piknik s\u0131ras\u0131nda h\u0131zl\u0131, temiz ve g\u00fcvenli bir \u015fekilde kesim yapabilirsiniz.<\/li>\n<\/ul>","protected":false},"excerpt":{"rendered":"<p>Pratik, \u015f\u0131k ve \u00e7ok y\u00f6nl\u00fc \u2013 6 Adet Meyve ve Ekmek B\u0131\u00e7a\u011f\u0131 Seti, mutfak ve sofran\u0131z i\u00e7in m\u00fckemmel bir yard\u0131mc\u0131d\u0131r. Meyve, sebze ve ekmek kesmek i\u00e7in ideal olan bu b\u0131\u00e7aklar, kalite, tasar\u0131m ve i\u015flevsellik ile \u00f6ne \u00e7\u0131kar.<\/p>","protected":false},"featured_media":1327,"comment_status":"open","ping_status":"closed","template":"","meta":[],"product_brand":[],"product_cat":[55],"product_tag":[],"class_list":{"0":"post-1219","1":"product","2":"type-product","3":"status-publish","4":"has-post-thumbnail","6":"product_cat-haushaltswaren","8":"first","9":"instock","10":"taxable","11":"shipping-taxable","12":"purchasable","13":"product-type-variable"},"_links":{"self":[{"href":"https:\/\/rolandhome.de\/tr\/wp-json\/wp\/v2\/product\/1219","targetHints":{"allow":["GET"]}}],"collection":[{"href":"https:\/\/rolandhome.de\/tr\/wp-json\/wp\/v2\/product"}],"about":[{"href":"https:\/\/rolandhome.de\/tr\/wp-json\/wp\/v2\/types\/product"}],"replies":[{"embeddable":true,"href":"https:\/\/rolandhome.de\/tr\/wp-json\/wp\/v2\/comments?post=1219"}],"wp:featuredmedia":[{"embeddable":true,"href":"https:\/\/rolandhome.de\/tr\/wp-json\/wp\/v2\/media\/1327"}],"wp:attachment":[{"href":"https:\/\/rolandhome.de\/tr\/wp-json\/wp\/v2\/media?parent=1219"}],"wp:term":[{"taxonomy":"product_brand","embeddable":true,"href":"https:\/\/rolandhome.de\/tr\/wp-json\/wp\/v2\/product_brand?post=1219"},{"taxonomy":"product_cat","embeddable":true,"href":"https:\/\/rolandhome.de\/tr\/wp-json\/wp\/v2\/product_cat?post=1219"},{"taxonomy":"product_tag","embeddable":true,"href":"https:\/\/rolandhome.de\/tr\/wp-json\/wp\/v2\/product_tag?post=1219"}],"curies":[{"name":"wp","href":"https:\/\/api.w.org\/{rel}","templated":true}]}}