{"id":1214,"date":"2025-09-03T21:03:10","date_gmt":"2025-09-03T19:03:10","guid":{"rendered":"https:\/\/rolandhome.de\/?post_type=product&#038;p=1214"},"modified":"2026-03-06T10:44:04","modified_gmt":"2026-03-06T09:44:04","slug":"teekocher-roland-tea-time","status":"publish","type":"product","link":"https:\/\/rolandhome.de\/tr\/urun\/teekocher-roland-tea-time\/","title":{"rendered":"\u00c7ay Makinesi Roland TEA TIME"},"content":{"rendered":"<p>\u00dcr\u00fcn \u00d6zellikleri: 47952<\/p>\n<p>Roland 47952 \u00c7ay Makinesi ile \u00e7ay\u0131n\u0131z\u0131 ve s\u0131cak suyunuzu h\u0131zl\u0131, pratik ve enerji tasarruflu bir \u015fekilde haz\u0131rlay\u0131n. \u015e\u0131k tasar\u0131m\u0131, kaliteli malzemeleri ve yenilik\u00e7i fonksiyonlar\u0131yla g\u00fcnl\u00fck kullan\u0131m i\u00e7in m\u00fckemmel bir se\u00e7imdir.<\/p>\n<p>\u00dcr\u00fcn \u00d6zellikleri:<\/p>\n<ul>\n<li>Kapasite: 1,7 L su \u0131s\u0131t\u0131c\u0131 + 1,0 L demlik (360\u00b0 d\u00f6nebilir taban)<\/li>\n<li>Cam demlik \u2013 1,0 L hacim, \u015f\u0131k \u00e7ay keyfi i\u00e7in<\/li>\n<li>Paslanmaz \u00e7elik \u00e7ay s\u00fczgeci ile aromatik demleme<\/li>\n<li>Su seviye g\u00f6stergesi \u2013 kolay ve hassas doldurma<\/li>\n<li>Otomatik kapanma \u2013 su varken veya yokken g\u00fcvenli kullan\u0131m<\/li>\n<\/ul>\n<ul>\n<li>Kullan\u0131m: Ana \u015falteri (A\u00e7ma\/Kapama d\u00fc\u011fmesi) \u201e|\u201c konumuna, kaynatma \u015falterini \u201e&lt;\u201c konumuna getirin. K\u0131rm\u0131z\u0131 kontrol lambas\u0131 yand\u0131\u011f\u0131nda, su kaynamaya ba\u015flar.<\/li>\n<\/ul>\n<ul>\n<li>Y\u00fcksek enerji verimlili\u011fi: \u2019a kadar enerji tasarrufu<\/li>\n<li>Teknik bilgiler: 220\u2013240 V ~ 50 Hz, 1850\u20132200 W<\/li>\n<\/ul>\n<p>Roland 47952 ile \u00e7ay\u0131n\u0131z\u0131 \u015f\u0131k, g\u00fcvenli ve son derece enerji tasarruflu \u015fekilde haz\u0131rlay\u0131n.<\/p>\n<p>&nbsp;<\/p>\n<p>GENEL G\u00dcVENL\u0130K TAL\u0130MATLARI<br \/>\n\u2022 Bu cihaz uluslararas\u0131 g\u00fcvenlik standartlar\u0131n\u0131 kar\u015f\u0131lar.<br \/>\n* Cihaz\u0131 d\u0131\u015far\u0131da, hatta banyoda kullanamazs\u0131n\u0131z.<br \/>\n* Cihaz\u0131n yanl\u0131\u015f kullan\u0131m\u0131ndan kaynaklanan hasarlar i\u00e7in herhangi bir sorumluluk veya garanti kabul edilmeyecektir.<br \/>\n\u2022 Cihaz\u0131n monte edilmi\u015f par\u00e7alar\u0131n\u0131 asla s\u00f6kmeye veya ba\u011flant\u0131s\u0131n\u0131 kesmeye \u00e7al\u0131\u015fmay\u0131n.<br \/>\n\u2022 Sadece orijinal par\u00e7alar\u0131 veya par\u00e7a \u00fcreticisinin \u00f6nerdi\u011fi \u015fekilde kullan\u0131n.<br \/>\n* Cihaz\u0131 daima sabit, d\u00fcz, kuru, temiz ve kaymaz bir y\u00fczeyde kullan\u0131n.<br \/>\n* Kahveyi pi\u015firmeyin, kahve kab\u0131na su doldurulmadan doldurulur.<br \/>\n* Kahve kab\u0131na kahve, \u015feker ve sudan ba\u015fka hi\u00e7bir madde vermezsiniz.<br \/>\n* Kahve kab\u0131ndaki kahveyi i\u00e7meyin.<br \/>\n* \u00dcretim teknolojisi nedeniyle, cihaz\u0131n\u0131z\u0131n \u0131s\u0131tma eleman\u0131ndaki buhar ve kokular\u0131n ilk kullan\u0131m\u0131 s\u0131ras\u0131nda ortaya \u00e7\u0131kabilir. Bu normal. Bunlar birka\u00e7 d\u00f6ng\u00fcden sonra kaybolur.<br \/>\n* Cihaz\u0131 kahve kab\u0131nda s\u0131cakken veya s\u0131v\u0131 haldeyken hareket ettirmeyin.<br \/>\n* S\u0131cak y\u00fczeyle temastan ka\u00e7\u0131n\u0131n. B\u00f6ylece, kahve kab\u0131n\u0131 s\u0131cak pi\u015firdi\u011finizde, kavray\u0131n<br \/>\n* Kahve tank\u0131 sadece sap \u00fczerinde, aksi takdirde yanma riski vard\u0131r.<br \/>\n* Pi\u015firme i\u015flemi s\u0131ras\u0131nda kahve istasyonu s\u0131cakt\u0131r. Bu nedenle, dokunulmayana kadar istasyona so\u011futulmal\u0131d\u0131r.<br \/>\n* \u00dcniteyi hareket ettirmeden \u00f6nce pi\u015firdikten sonra kapal\u0131 oldu\u011fundan emin olun.<br \/>\n\u2022 Ek koruma i\u00e7in, cihaz 30 Ma&#039;dan fazla olmayan bir ev tipi g\u00fc\u00e7 koruma \u015falterine ba\u011flanmal\u0131d\u0131r.<br \/>\n* Cihaz\u0131 do\u011fru sigortayla darbeye dayan\u0131kl\u0131 bir prize tak\u0131n.<br \/>\n* G\u00fc\u00e7 kablosu hasar g\u00f6rm\u00fc\u015fse, cihaz\u0131 kullanmay\u0131n.<br \/>\n* Cihaz\u0131 uzatma kablosuyla birlikte kullanmay\u0131n.<br \/>\n* \u00dcniteyi ve kullan\u0131lacak par\u00e7alar\u0131 ba\u011flamadan \u00f6nce kahve kab\u0131n\u0131 oturarak kurutun.<br \/>\n\u2022 Cihaz, elektrik kablosu veya fi\u015f su veya s\u0131v\u0131 ile temas etmemelidir.<br \/>\n* Cihaza \u0131slak veya nemli ellerle dokunmay\u0131n.<br \/>\n* Cihaz\u0131, fi\u015fe her zaman eri\u015filebilecek \u015fekilde yerle\u015ftirin.<br \/>\n* G\u00fc\u00e7 kablosunun hasar g\u00f6rmesini \u00f6nleyemez, birbirine bast\u0131rabilir, b\u00fckebilir veya keskin kenarlar\u0131 ovalayabilirsiniz.<br \/>\n* Cihaz kullan\u0131l\u0131yorsa, g\u00fc\u00e7 kablosunun yanl\u0131\u015fl\u0131kla \u00e7ekilmesi veya birinin \u00fczerine tak\u0131lmas\u0131 tehlikesi olmad\u0131\u011f\u0131ndan emin olun.<br \/>\n* Bir hata olu\u015fursa fi\u015fi prizden \u00e7ekin.<br \/>\n* \u00dcniteyi temizlemeden \u00f6nce g\u00fc\u00e7 kablosunu \u00e7\u0131kar\u0131n ve cihaz\u0131 kulland\u0131ktan sonra temizleyin.<br \/>\n* Fi\u015fi prizden \u00e7\u0131karmak ve g\u00fc\u00e7 kablosunu cihaz\u0131n etraf\u0131na sarmak i\u00e7in cihaz\u0131n g\u00fc\u00e7 kablosunu \u00e7ekmeyin<br \/>\n* G\u00fc\u00e7 kayna\u011f\u0131n\u0131z, cihaz\u0131n tip plakas\u0131ndaki spesifikasyonlara uygun olmal\u0131d\u0131r.<br \/>\n* Cihaz\u0131 yan\u0131c\u0131 maddelerin yak\u0131n\u0131nda veya bulundu\u011fu yerlerde kullanmay\u0131n.<br \/>\n* Cihaz\u0131 ocak, \u0131zgara vb. Gibi bir \u0131s\u0131 kayna\u011f\u0131n\u0131n yak\u0131n\u0131nda kullanmay\u0131n.<br \/>\n\u2022 Cihaz\u0131 buhar kaynaklar\u0131ndan uzak tutun ve \u00fcnitenin a\u015f\u0131r\u0131 buharla temas\u0131ndan ka\u00e7\u0131n\u0131n.<br \/>\n* Kahve kab\u0131n\u0131 farkl\u0131 bir cihazla kullanmaktan ka\u00e7\u0131n\u0131n. Sadece bu cihazla kullan\u0131lmak \u00fczere \u00f6zel olarak \u00fcretilmi\u015ftir.<br \/>\n* Cihaz\u0131 yaln\u0131zca kullan\u0131m amac\u0131 i\u00e7in kullan\u0131n.<br \/>\n* Cihaz sadece T\u00fcrk kahvesi pi\u015firmek i\u00e7in tasarlanm\u0131\u015ft\u0131r.<\/p>\n<p>&nbsp;<\/p>\n<p>2 y\u0131l Roland garantisi sadece orijinal ambalaj\u0131nda ge\u00e7erlidir<br \/>\nY\u0130YECEK, Y\u0130YECEK \u0130\u00c7ECEK VEYA END\u00dcSTR\u0130YEL AMA\u00c7LAR \u0130\u00c7\u0130N UYGUN DE\u011e\u0130LD\u0130R<\/p>","protected":false},"excerpt":{"rendered":"<p>Roland 47952 \u00c7ay Makinesi ile \u00e7ay\u0131n\u0131z\u0131 ve s\u0131cak suyunuzu h\u0131zl\u0131, pratik ve enerji tasarruflu bir \u015fekilde haz\u0131rlay\u0131n. \u015e\u0131k tasar\u0131m\u0131, kaliteli malzemeleri ve yenilik\u00e7i fonksiyonlar\u0131yla g\u00fcnl\u00fck kullan\u0131m i\u00e7in m\u00fckemmel bir se\u00e7imdir.<\/p>","protected":false},"featured_media":1210,"comment_status":"open","ping_status":"closed","template":"","meta":[],"product_brand":[],"product_cat":[53],"product_tag":[],"class_list":{"0":"post-1214","1":"product","2":"type-product","3":"status-publish","4":"has-post-thumbnail","6":"product_cat-elektro","8":"first","9":"instock","10":"taxable","11":"shipping-taxable","12":"purchasable","13":"product-type-simple"},"_links":{"self":[{"href":"https:\/\/rolandhome.de\/tr\/wp-json\/wp\/v2\/product\/1214","targetHints":{"allow":["GET"]}}],"collection":[{"href":"https:\/\/rolandhome.de\/tr\/wp-json\/wp\/v2\/product"}],"about":[{"href":"https:\/\/rolandhome.de\/tr\/wp-json\/wp\/v2\/types\/product"}],"replies":[{"embeddable":true,"href":"https:\/\/rolandhome.de\/tr\/wp-json\/wp\/v2\/comments?post=1214"}],"wp:featuredmedia":[{"embeddable":true,"href":"https:\/\/rolandhome.de\/tr\/wp-json\/wp\/v2\/media\/1210"}],"wp:attachment":[{"href":"https:\/\/rolandhome.de\/tr\/wp-json\/wp\/v2\/media?parent=1214"}],"wp:term":[{"taxonomy":"product_brand","embeddable":true,"href":"https:\/\/rolandhome.de\/tr\/wp-json\/wp\/v2\/product_brand?post=1214"},{"taxonomy":"product_cat","embeddable":true,"href":"https:\/\/rolandhome.de\/tr\/wp-json\/wp\/v2\/product_cat?post=1214"},{"taxonomy":"product_tag","embeddable":true,"href":"https:\/\/rolandhome.de\/tr\/wp-json\/wp\/v2\/product_tag?post=1214"}],"curies":[{"name":"wp","href":"https:\/\/api.w.org\/{rel}","templated":true}]}}