{"id":1131,"date":"2025-08-23T21:24:34","date_gmt":"2025-08-23T19:24:34","guid":{"rendered":"https:\/\/rolandhome.de\/?post_type=product&#038;p=1131"},"modified":"2026-04-13T22:29:17","modified_gmt":"2026-04-13T20:29:17","slug":"roland-4in1-set","status":"publish","type":"product","link":"https:\/\/rolandhome.de\/tr\/urun\/roland-4in1-set\/","title":{"rendered":"Roland 4in1 Set"},"content":{"rendered":"<p data-start=\"102\" data-end=\"168\"><strong data-start=\"102\" data-end=\"166\">Roland 4in1 Set \u2013 Vielseitigkeit und Qualit\u00e4t in einem Paket<\/strong><\/p>\n<p data-start=\"170\" data-end=\"428\">Mit dem <strong data-start=\"178\" data-end=\"197\">Roland 4in1 Set<\/strong> holst du dir hochwertige K\u00fcchenhelfer nach Hause, die dir den Alltag erleichtern und f\u00fcr Genussmomente sorgen. Das Set kombiniert modernes Design, robuste Materialien und praktische Einsatzm\u00f6glichkeiten \u2013 perfekt f\u00fcr jede K\u00fcche.<\/p>\n<p data-start=\"430\" data-end=\"455\">\u2728 <strong data-start=\"432\" data-end=\"453\">Im Set enthalten:<\/strong><\/p>\n<ul data-start=\"456\" data-end=\"960\">\n<li data-start=\"456\" data-end=\"597\">\n<p data-start=\"458\" data-end=\"597\"><strong data-start=\"458\" data-end=\"486\">Roland Fladenb\u00e4cker Teflon<\/strong> \u2013 Ideal zum Grillen von Fleisch, Gem\u00fcse oder Fisch, mit langlebiger Granitbeschichtung f\u00fcr fettarmes Braten.<\/p>\n<\/li>\n<li data-start=\"598\" data-end=\"729\">\n<p data-start=\"600\" data-end=\"729\"><strong data-start=\"600\" data-end=\"621\">Kasserolle Granit<\/strong> \u2013 Universell einsetzbar zum Kochen, Schmoren und Erw\u00e4rmen, gleichm\u00e4\u00dfige Hitzeverteilung und pflegeleicht.<\/p>\n<\/li>\n<li data-start=\"730\" data-end=\"842\">\n<p data-start=\"732\" data-end=\"842\"><strong data-start=\"732\" data-end=\"745\">Teekocher<\/strong> \u2013 Genie\u00dfe aromatischen Tee, einfach in der Handhabung und optimal f\u00fcr deinen t\u00e4glichen Genuss.<\/p>\n<\/li>\n<li data-start=\"843\" data-end=\"960\">\n<p data-start=\"845\" data-end=\"960\"><strong data-start=\"845\" data-end=\"863\">Mokka Maschine<\/strong> \u2013 Traditioneller Kaffeegenuss leicht gemacht, f\u00fcr kr\u00e4ftigen, aromatischen Mokka wie vom Profi.<\/p>\n<\/li>\n<\/ul>\n<p data-start=\"962\" data-end=\"996\">\u2714\ufe0f <strong data-start=\"965\" data-end=\"994\">Vorteile auf einen Blick:<\/strong><\/p>\n<ul data-start=\"997\" data-end=\"1237\">\n<li data-start=\"997\" data-end=\"1053\">\n<p data-start=\"999\" data-end=\"1053\">Hochwertige Granitbeschichtung f\u00fcr lange Lebensdauer<\/p>\n<\/li>\n<li data-start=\"1054\" data-end=\"1151\">\n<p data-start=\"1056\" data-end=\"1151\">Vielseitige Einsatzm\u00f6glichkeiten \u2013 von herzhaften Gerichten bis zu aromatischen Hei\u00dfgetr\u00e4nken<\/p>\n<\/li>\n<li data-start=\"1152\" data-end=\"1201\">\n<p data-start=\"1154\" data-end=\"1201\">Pflegeleicht und komfortabel in der Anwendung<\/p>\n<\/li>\n<li data-start=\"1202\" data-end=\"1237\">\n<p data-start=\"1204\" data-end=\"1237\">Elegantes Design f\u00fcr jede K\u00fcche<\/p>\n<\/li>\n<\/ul>\n<p data-start=\"1239\" data-end=\"1450\">Bu <strong data-start=\"1243\" data-end=\"1262\">Roland 4in1 Set<\/strong> ist die ideale Wahl f\u00fcr alle, die Wert auf Qualit\u00e4t, Funktionalit\u00e4t und stilvolles Kochen legen. Ob Kochen, Braten, Tee- oder Kaffeegenuss \u2013 mit diesem Set bist du bestens ausgestattet.<\/p>\n<p>&nbsp;<\/p>\n<p><strong>GENEL G\u00dcVENL\u0130K TAL\u0130MATLARI<\/strong><br \/>\n\u2022 Bu cihaz uluslararas\u0131 g\u00fcvenlik standartlar\u0131n\u0131 kar\u015f\u0131lar.<br \/>\n* Cihaz\u0131 d\u0131\u015far\u0131da, hatta banyoda kullanamazs\u0131n\u0131z.<br \/>\n* Cihaz\u0131n yanl\u0131\u015f kullan\u0131m\u0131ndan kaynaklanan hasarlar i\u00e7in herhangi bir sorumluluk veya garanti kabul edilmeyecektir.<br \/>\n\u2022 Cihaz\u0131n monte edilmi\u015f par\u00e7alar\u0131n\u0131 asla s\u00f6kmeye veya ba\u011flant\u0131s\u0131n\u0131 kesmeye \u00e7al\u0131\u015fmay\u0131n.<br \/>\n\u2022 Sadece orijinal par\u00e7alar\u0131 veya par\u00e7a \u00fcreticisinin \u00f6nerdi\u011fi \u015fekilde kullan\u0131n.<br \/>\n* Cihaz\u0131 daima sabit, d\u00fcz, kuru, temiz ve kaymaz bir y\u00fczeyde kullan\u0131n.<br \/>\n* Kahveyi pi\u015firmeyin, kahve kab\u0131na su doldurulmadan doldurulur.<br \/>\n* Kahve kab\u0131na kahve, \u015feker ve sudan ba\u015fka hi\u00e7bir madde vermezsiniz.<br \/>\n* Kahve kab\u0131ndaki kahveyi i\u00e7meyin.<br \/>\n* \u00dcretim teknolojisi nedeniyle, cihaz\u0131n\u0131z\u0131n \u0131s\u0131tma eleman\u0131ndaki buhar ve kokular\u0131n ilk kullan\u0131m\u0131 s\u0131ras\u0131nda ortaya \u00e7\u0131kabilir. Bu normal. Bunlar birka\u00e7 d\u00f6ng\u00fcden sonra kaybolur.<br \/>\n* Cihaz\u0131 kahve kab\u0131nda s\u0131cakken veya s\u0131v\u0131 haldeyken hareket ettirmeyin.<br \/>\n* S\u0131cak y\u00fczeyle temastan ka\u00e7\u0131n\u0131n. B\u00f6ylece, kahve kab\u0131n\u0131 s\u0131cak pi\u015firdi\u011finizde, kavray\u0131n<br \/>\n* Kahve tank\u0131 sadece sap \u00fczerinde, aksi takdirde yanma riski vard\u0131r.<br \/>\n* Pi\u015firme i\u015flemi s\u0131ras\u0131nda kahve istasyonu s\u0131cakt\u0131r. Bu nedenle, dokunulmayana kadar istasyona so\u011futulmal\u0131d\u0131r.<br \/>\n* \u00dcniteyi hareket ettirmeden \u00f6nce pi\u015firdikten sonra kapal\u0131 oldu\u011fundan emin olun.<br \/>\n\u2022 Ek koruma i\u00e7in, cihaz 30 Ma&#039;dan fazla olmayan bir ev tipi g\u00fc\u00e7 koruma \u015falterine ba\u011flanmal\u0131d\u0131r.<br \/>\n* Cihaz\u0131 do\u011fru sigortayla darbeye dayan\u0131kl\u0131 bir prize tak\u0131n.<br \/>\n* G\u00fc\u00e7 kablosu hasar g\u00f6rm\u00fc\u015fse, cihaz\u0131 kullanmay\u0131n.<br \/>\n* Cihaz\u0131 uzatma kablosuyla birlikte kullanmay\u0131n.<br \/>\n* \u00dcniteyi ve kullan\u0131lacak par\u00e7alar\u0131 ba\u011flamadan \u00f6nce kahve kab\u0131n\u0131 oturarak kurutun.<br \/>\n\u2022 Cihaz, elektrik kablosu veya fi\u015f su veya s\u0131v\u0131 ile temas etmemelidir.<br \/>\n* Cihaza \u0131slak veya nemli ellerle dokunmay\u0131n.<br \/>\n* Cihaz\u0131, fi\u015fe her zaman eri\u015filebilecek \u015fekilde yerle\u015ftirin.<br \/>\n* G\u00fc\u00e7 kablosunun hasar g\u00f6rmesini \u00f6nleyemez, birbirine bast\u0131rabilir, b\u00fckebilir veya keskin kenarlar\u0131 ovalayabilirsiniz.<br \/>\n* Cihaz kullan\u0131l\u0131yorsa, g\u00fc\u00e7 kablosunun yanl\u0131\u015fl\u0131kla \u00e7ekilmesi veya birinin \u00fczerine tak\u0131lmas\u0131 tehlikesi olmad\u0131\u011f\u0131ndan emin olun.<br \/>\n* Bir hata olu\u015fursa fi\u015fi prizden \u00e7ekin.<br \/>\n* \u00dcniteyi temizlemeden \u00f6nce g\u00fc\u00e7 kablosunu \u00e7\u0131kar\u0131n ve cihaz\u0131 kulland\u0131ktan sonra temizleyin.<br \/>\n* Fi\u015fi prizden \u00e7\u0131karmak ve g\u00fc\u00e7 kablosunu cihaz\u0131n etraf\u0131na sarmak i\u00e7in cihaz\u0131n g\u00fc\u00e7 kablosunu \u00e7ekmeyin<br \/>\n* G\u00fc\u00e7 kayna\u011f\u0131n\u0131z, cihaz\u0131n tip plakas\u0131ndaki spesifikasyonlara uygun olmal\u0131d\u0131r.<br \/>\n* Cihaz\u0131 yan\u0131c\u0131 maddelerin yak\u0131n\u0131nda veya bulundu\u011fu yerlerde kullanmay\u0131n.<br \/>\n* Cihaz\u0131 ocak, \u0131zgara vb. Gibi bir \u0131s\u0131 kayna\u011f\u0131n\u0131n yak\u0131n\u0131nda kullanmay\u0131n.<br \/>\n\u2022 Cihaz\u0131 buhar kaynaklar\u0131ndan uzak tutun ve \u00fcnitenin a\u015f\u0131r\u0131 buharla temas\u0131ndan ka\u00e7\u0131n\u0131n.<br \/>\n* Kahve kab\u0131n\u0131 farkl\u0131 bir cihazla kullanmaktan ka\u00e7\u0131n\u0131n. Sadece bu cihazla kullan\u0131lmak \u00fczere \u00f6zel olarak \u00fcretilmi\u015ftir.<br \/>\n* Cihaz\u0131 yaln\u0131zca kullan\u0131m amac\u0131 i\u00e7in kullan\u0131n.<br \/>\n* Cihaz sadece T\u00fcrk kahvesi pi\u015firmek i\u00e7in tasarlanm\u0131\u015ft\u0131r.<\/p>\n<p>&nbsp;<\/p>\n<p>2 y\u0131l Roland garantisi sadece orijinal ambalaj\u0131nda ge\u00e7erlidir<br \/>\n<strong>Y\u0130YECEK, Y\u0130YECEK \u0130\u00c7ECEK VEYA END\u00dcSTR\u0130YEL AMA\u00c7LAR \u0130\u00c7\u0130N UYGUN DE\u011e\u0130LD\u0130R<\/strong><\/p>","protected":false},"excerpt":{"rendered":"<p>Praktisches K\u00fcchen-Set mit langlebiger Granitbeschichtung. Ideal zum Grillen, Kochen, Tee- und Kaffeegenuss. Hochwertig, vielseitig und pflegeleicht \u2013 die perfekte Ausstattung f\u00fcr jeden Haushalt.<\/p>","protected":false},"featured_media":1671,"comment_status":"open","ping_status":"closed","template":"","meta":[],"product_brand":[],"product_cat":[53],"product_tag":[],"class_list":{"0":"post-1131","1":"product","2":"type-product","3":"status-publish","4":"has-post-thumbnail","6":"product_cat-elektro","8":"first","9":"instock","10":"sale","11":"taxable","12":"shipping-taxable","13":"purchasable","14":"product-type-simple"},"_links":{"self":[{"href":"https:\/\/rolandhome.de\/tr\/wp-json\/wp\/v2\/product\/1131","targetHints":{"allow":["GET"]}}],"collection":[{"href":"https:\/\/rolandhome.de\/tr\/wp-json\/wp\/v2\/product"}],"about":[{"href":"https:\/\/rolandhome.de\/tr\/wp-json\/wp\/v2\/types\/product"}],"replies":[{"embeddable":true,"href":"https:\/\/rolandhome.de\/tr\/wp-json\/wp\/v2\/comments?post=1131"}],"wp:featuredmedia":[{"embeddable":true,"href":"https:\/\/rolandhome.de\/tr\/wp-json\/wp\/v2\/media\/1671"}],"wp:attachment":[{"href":"https:\/\/rolandhome.de\/tr\/wp-json\/wp\/v2\/media?parent=1131"}],"wp:term":[{"taxonomy":"product_brand","embeddable":true,"href":"https:\/\/rolandhome.de\/tr\/wp-json\/wp\/v2\/product_brand?post=1131"},{"taxonomy":"product_cat","embeddable":true,"href":"https:\/\/rolandhome.de\/tr\/wp-json\/wp\/v2\/product_cat?post=1131"},{"taxonomy":"product_tag","embeddable":true,"href":"https:\/\/rolandhome.de\/tr\/wp-json\/wp\/v2\/product_tag?post=1131"}],"curies":[{"name":"wp","href":"https:\/\/api.w.org\/{rel}","templated":true}]}}