{"id":84,"date":"2024-12-03T11:21:20","date_gmt":"2024-12-03T10:21:20","guid":{"rendered":"https:\/\/bekaibeauty-i6nscrzm4r.live-website.com\/?page_id=84"},"modified":"2025-08-26T19:56:00","modified_gmt":"2025-08-26T17:56:00","slug":"datenschutzerklaerung","status":"publish","type":"page","link":"https:\/\/rolandhome.de\/tr\/datenschutzerklaerung\/","title":{"rendered":"Gizlilik Politikas\u0131"},"content":{"rendered":"<div data-elementor-type=\"wp-page\" data-elementor-id=\"84\" class=\"elementor elementor-84\" data-elementor-settings=\"{&quot;element_pack_global_tooltip_width&quot;:{&quot;unit&quot;:&quot;px&quot;,&quot;size&quot;:&quot;&quot;,&quot;sizes&quot;:[]},&quot;element_pack_global_tooltip_width_tablet&quot;:{&quot;unit&quot;:&quot;px&quot;,&quot;size&quot;:&quot;&quot;,&quot;sizes&quot;:[]},&quot;element_pack_global_tooltip_width_mobile&quot;:{&quot;unit&quot;:&quot;px&quot;,&quot;size&quot;:&quot;&quot;,&quot;sizes&quot;:[]},&quot;element_pack_global_tooltip_padding&quot;:{&quot;unit&quot;:&quot;px&quot;,&quot;top&quot;:&quot;&quot;,&quot;right&quot;:&quot;&quot;,&quot;bottom&quot;:&quot;&quot;,&quot;left&quot;:&quot;&quot;,&quot;isLinked&quot;:true},&quot;element_pack_global_tooltip_padding_tablet&quot;:{&quot;unit&quot;:&quot;px&quot;,&quot;top&quot;:&quot;&quot;,&quot;right&quot;:&quot;&quot;,&quot;bottom&quot;:&quot;&quot;,&quot;left&quot;:&quot;&quot;,&quot;isLinked&quot;:true},&quot;element_pack_global_tooltip_padding_mobile&quot;:{&quot;unit&quot;:&quot;px&quot;,&quot;top&quot;:&quot;&quot;,&quot;right&quot;:&quot;&quot;,&quot;bottom&quot;:&quot;&quot;,&quot;left&quot;:&quot;&quot;,&quot;isLinked&quot;:true},&quot;element_pack_global_tooltip_border_radius&quot;:{&quot;unit&quot;:&quot;px&quot;,&quot;top&quot;:&quot;&quot;,&quot;right&quot;:&quot;&quot;,&quot;bottom&quot;:&quot;&quot;,&quot;left&quot;:&quot;&quot;,&quot;isLinked&quot;:true},&quot;element_pack_global_tooltip_border_radius_tablet&quot;:{&quot;unit&quot;:&quot;px&quot;,&quot;top&quot;:&quot;&quot;,&quot;right&quot;:&quot;&quot;,&quot;bottom&quot;:&quot;&quot;,&quot;left&quot;:&quot;&quot;,&quot;isLinked&quot;:true},&quot;element_pack_global_tooltip_border_radius_mobile&quot;:{&quot;unit&quot;:&quot;px&quot;,&quot;top&quot;:&quot;&quot;,&quot;right&quot;:&quot;&quot;,&quot;bottom&quot;:&quot;&quot;,&quot;left&quot;:&quot;&quot;,&quot;isLinked&quot;:true}}\">\n\t\t\t\t\t\t<div class=\"elementor-section elementor-top-section elementor-element elementor-element-363f220c elementor-section-boxed elementor-section-height-default elementor-section-height-default\" data-id=\"363f220c\" data-element_type=\"section\" data-settings=\"{&quot;background_background&quot;:&quot;classic&quot;}\">\n\t\t\t\t\t\t\t<div class=\"elementor-background-overlay\"><\/div>\n\t\t\t\t\t\t\t<div class=\"elementor-container elementor-column-gap-default\">\n\t\t\t\t\t<div class=\"elementor-column elementor-col-100 elementor-top-column elementor-element elementor-element-12656d0b\" data-id=\"12656d0b\" data-element_type=\"column\">\n\t\t\t<div class=\"elementor-widget-wrap elementor-element-populated\">\n\t\t\t\t\t\t<div class=\"elementor-element elementor-element-448287b4 elementor-widget elementor-widget-heading\" data-id=\"448287b4\" data-element_type=\"widget\" data-widget_type=\"heading.default\">\n\t\t\t\t<div class=\"elementor-widget-container\">\n\t\t\t\t\t<h1 class=\"elementor-heading-title elementor-size-default\">Gizlilik Politikas\u0131<\/h1>\t\t\t\t<\/div>\n\t\t\t\t<\/div>\n\t\t\t\t\t<\/div>\n\t\t<\/div>\n\t\t\t\t\t<\/div>\n\t\t<\/div>\n\t\t<div class=\"elementor-element elementor-element-0195248 e-flex e-con-boxed e-con e-parent\" data-id=\"0195248\" data-element_type=\"container\">\n\t\t\t\t\t<div class=\"e-con-inner\">\n\t\t\t\t<div class=\"elementor-element elementor-element-f740445 elementor-widget elementor-widget-text-editor\" data-id=\"f740445\" data-element_type=\"widget\" data-widget_type=\"text-editor.default\">\n\t\t\t\t<div class=\"elementor-widget-container\">\n\t\t\t\t\t\t\t\t\t<p>Vielen Dank f\u00fcr Ihr Interesse an<br \/>unserem Internetauftritt. Wir legen gro\u00dfen Wert auf den Schutz Ihrer<br \/>Daten und die Wahrung Ihrer Privatsph\u00e4re. Um zu gew\u00e4hrleisten, dass Sie<br \/>in vollem Umfang \u00fcber die Erhebung und Verwendung personenbezogener<br \/>Daten auf unserer Homepage Bescheid wissen, nehmen Sie bitte<br \/>nachstehende Informationen zur Kenntnis.<\/p><p><strong>Information \u00fcber die Erhebung personenbezogener Daten und Kontaktdaten des Verantwortlichen<\/strong><\/p><p><strong>Personenbezogene Daten sind hierbei alle Daten, mit denen Sie pers\u00f6nlich identifiziert werden k\u00f6nnen.<\/strong><\/p><p>Verantwortlicher f\u00fcr die Datenverarbeitung auf dieser Website im Sinne der Datenschutz-Grundverordnung (DSGVO) ist:<\/p><p>Roland Home UG<br \/>Bet\u00fcl \u015eerife Karaku\u015f<\/p><p>Carl-Benz-Stra\u00dfe 17<br \/>35447 Reiskirchen<\/p><p>Tel.: +49 6408 567 30 45 \/ +49 178 67 34 777<br \/>E-Posta: info@roland-home.com<\/p><p>\u00a0<\/p><p>\u00a0<\/p><p>Der f\u00fcr die Verarbeitung von personenbezogenen Daten Verantwortliche ist<br \/>diejenige nat\u00fcrliche oder juristische Person, die allein oder gemeinsam<br \/>mit anderen \u00fcber die Zwecke und Mittel der Verarbeitung von<br \/>personenbezogenen Daten entscheidet.<\/p><p>\u00a0<\/p><p><strong>Datenerfassung beim Besuch unserer Website<\/strong><\/p><p>Bei der blo\u00df informatorischen Nutzung unserer Website, also wenn Sie sich<br \/>nicht registrieren oder uns anderweitig Informationen \u00fcbermitteln,<br \/>erheben wir nur solche Daten, die uns Ihr Browser \u00fcbermittelt (sog.<br \/>\u201eServer-Logfiles\u201c). Wenn Sie unsere Website aufrufen, erheben wir die<br \/>folgenden Daten, die f\u00fcr uns technisch erforderlich sind, um Ihnen die<br \/>Website anzuzeigen:<\/p><ul><li>Unsere besuchte Website<\/li><li>Datum, Uhrzeit und H\u00e4ufigkeit zum Zeitpunkt des Zugriffes<\/li><li>Menge der gesendeten Daten in Byte<\/li><li>Quelle\/Verweis, von woher Sie auf die Seite gelangten<\/li><li>Verwendeter Browser<\/li><li>Verwendetes Betriebssystem<\/li><li>Verwendete IP-Adresse in anonymisierter Form<\/li><li>Die<br \/>Verarbeitung erfolgt gem\u00e4\u00df Art. 6 Abs. 1 lit. f DSGVO auf Basis unseres<br \/>berechtigten Interesses an der Verbesserung der Stabilit\u00e4t und<br \/>Funktionalit\u00e4t unserer Website. Eine Weitergabe oder anderweitige<br \/>Verwendung der Daten findet nicht statt. Wir behalten uns allerdings<br \/>vor, die Server-Logfiles nachtr\u00e4glich zu \u00fcberpr\u00fcfen, sollten konkrete<br \/>Anhaltspunkte auf eine rechtswidrige Nutzung hinweisen.<\/li><\/ul><p><strong>Hinweis zur Datenweitergabe in die USA<\/strong><\/p><p>Auf unserer Webseite sind unter anderem Tools von Unternehmen mit Sitz in<br \/>den USA eingebunden. Wenn diese Tools aktiv sind, ko\u0308nnen Ihre<br \/>personenbezogenen Daten an die US-Server der jeweiligen Unternehmen<br \/>weitergegeben werden. Wir weisen darauf hin, dass die USA kein sicherer<br \/>Drittstaat im Sinne des EU- Datenschutzrechts sind. US-Unternehmen sind<br \/>dazu verpflichtet, personenbezogene Daten an Sicherheitsbeho\u0308rden<br \/>herauszugeben, ohne dass Sie als Betroffener hiergegen gerichtlich<br \/>vorgehen ko\u0308nnten. Es kann daher nicht ausgeschlossen werden, dass<br \/>US-Beho\u0308rden (z.B. Geheimdienste) Ihre auf US-Servern befindlichen Daten<br \/>zu U\u0308berwachungszwecken verarbeiten, auswerten und dauerhaft speichern.<br \/>Wir haben auf diese Verarbeitungsta\u0308tigkeiten keinen Einfluss.<\/p><p><strong>Cookies<\/strong><\/p><p>Wir verwenden im Rahmen des Online-Angebots Cookies und vergleichbare<br \/>Technologien, die dazu dienen, mit Ihrem Endger\u00e4t zu kommunizieren und<br \/>gespeicherte Informationen auszutauschen (nachfolgend insgesamt<br \/>\u201eCookies\u201c). Diese Cookies dienen in erster Linie dazu, die Funktionen<br \/>des Online-Angebots nutzbar zu machen. Allgemeine Beispiele, in denen<br \/>der Einsatz von Cookies in diesem Sinne technisch erforderlich ist, sind<br \/>z. B. die Speicherung von Login-Daten oder einer Einkaufs- bzw.<br \/>Merkliste oder eines Shop-Warenkorbes. Dementsprechend k\u00f6nnen technisch<br \/>erforderliche Cookies von uns eingesetzt werden, um die vorgenannte<br \/>Datenerfassung und ihre Verarbeitungen zu erm\u00f6glichen und den<br \/>ordnungsgem\u00e4\u00dfen und sicheren Betrieb des Online-Angebots zu<br \/>gew\u00e4hrleisten. Die Datenverarbeitung erfolgt dann auf Basis des Artikels<br \/>6 Absatz 1 Buchstabe b) und f) DSGVO, da sie erforderlich ist, um die<br \/>von Ihnen gew\u00e4hlten Funktionen umzusetzen bzw. um unser berechtigtes<br \/>Interesse an der Funktionsf\u00e4higkeit des Online-Angebots zu wahren.<\/p><p>Soweit wir dar\u00fcber hinaus Cookies einsetzen sollten, um die Nutzung des<br \/>Online-Angebots zu analysieren und zielgerichtet auf Ihre Interessen<br \/>ausrichten zu k\u00f6nnen und ggf. auch, um Ihnen interessenbasierte Inhalte<br \/>und Anzeigen bereitstellen zu k\u00f6nnen, erfolgt dies ausschlie\u00dflich auf<br \/>Basis Ihrer freiwilligen Einwilligung gem\u00e4\u00df Artikel 6 Absatz 1 Buchstabe<br \/>a) DSGVO und \u00a7 25 Absatz 1 TTDSG. Sie haben dann die M\u00f6glichkeit, \u00fcber<br \/>das Einwilligungsmanagement (\u201eCookie-Consent-Manager\u201c) im Rahmen des<br \/>Online-Angebots Ihre entsprechenden Einstellungen vorzunehmen. Sie<br \/>k\u00f6nnen eine hier\u00fcber erteilte Einwilligung jederzeit mit Wirkung f\u00fcr die<br \/>Zukunft widerrufen. Weitere Informationen zu den Cookies und zu deren<br \/>Funktion im Einzelnen sowie zu Einstellungs- und Widerrufsm\u00f6glichkeiten<br \/>erhalten Sie direkt in den entsprechenden Bereichen des<br \/>Einwilligungsmanagements.<\/p><p>Wenn Sie den Einsatz von Cookies insgesamt nicht w\u00fcnschen, k\u00f6nnen Sie auch deren Speicherung ggf. durch<br \/>entsprechende Einstellungen Ihres Endger\u00e4ts verhindern. Gespeicherte<br \/>Cookies k\u00f6nnen Sie in den Systemeinstellungen Ihres Endger\u00e4ts jederzeit<br \/>l\u00f6schen. Bitte beachten Sie, dass die Blockierung bestimmter Arten von<br \/>Cookies zu einer beeintr\u00e4chtigten Nutzung unseres Online-Angebots f\u00fchren<br \/>kann.<\/p><p>Jeder Browser unterscheidet sich in der Art, wie er die<br \/>Cookie-Einstellungen verwaltet. Diese ist in dem Hilfemen\u00fc jedes<br \/>Browsers beschrieben, welches Ihnen erl\u00e4utert, wie Sie Ihre<br \/>Cookie-Einstellungen \u00e4ndern k\u00f6nnen. Diese finden Sie f\u00fcr die jeweiligen<br \/>Browser unter den folgenden Links:<\/p><ul><li>Internet Explorer: <a href=\"http:\/\/windows.microsoft.com\/de-DE\/windows-vista\/Block-or-allow-cookies\">http:\/\/windows.microsoft.com\u00ad\/de-DE\/windows-vista\/\u00adBlock-or-allow-cookies<\/a><\/li><li>Firefox: <a href=\"https:\/\/support.mozilla.org\/de\/kb\/cookies-erlauben-und-ablehnen\">https:\/\/support.mozilla.org\u00ad\/de\/kb\/cookies-erlauben-und-ablehnen<\/a><\/li><li>Chrome: <a href=\"http:\/\/support.google.com\/chrome\/bin\/answer.py?hl=de&amp;hlrm=en&amp;answer=95647\">http:\/\/support.google.com\/chrome\/\u00adbin\/answer.py?hl=de&amp;hlrm=en&amp;answer=95647<\/a><\/li><li>Safari: <a href=\"https:\/\/support.apple.com\/de-de\/guide\/mdm\/mdmf7d5714d4\/web\">https:\/\/support.apple.com\/de-de\/guide\/mdm\/mdmf7d5714d4\/web<\/a><\/li><li>Opera: <a href=\"https:\/\/help.opera.com\/de\/latest\/security-and-privacy\/\">https:\/\/help.opera.com\/de\/latest\/\u00adsecurity-and-privacy\/<\/a><a href=\"http:\/\/help.opera.com\/Windows\/10.20\/de\/cookies.html\">daha<\/a><\/li><\/ul><p><strong>Cookie-Einstellungen<\/strong><\/p><p>Sie k\u00f6nnen die Cookie-Einstellungen jederzeit unter folgendem Link anpassen<br \/>und Ihre bereits erteilten Einwilligungen durch Entfernung des<br \/>jeweiligen Checkbox-Hakens widerrufen, sofern es sich nicht um<br \/>wesentliche Cookies handelt.<\/p><p>Cookie-Einstellungen \u00f6ffnen<\/p><p>\u00a0<\/p><p>Bitte beachten Sie, dass Sie nach einem Widerruf, die bis zu diesem Zeitpunkt<br \/>erstellten Cookies manuell in Ihrem Browser l\u00f6schen m\u00fcssen. Die<br \/>Vorgehensweise wird in den oberhalb verlinkten Anleitungen beschrieben.<br \/>Neue Cookies werden ab dem Zeitpunkt des Widerrufes f\u00fcr den abgew\u00e4hlten<br \/>Bereich nicht mehr gesetzt.<\/p><p><strong>Kontaktaufnahme<\/strong><\/p><p>Im Rahmen der Kontaktaufnahme mit uns (z. B. per Kontaktformular oder<br \/>E-Mail) werden personenbezogene Daten erhoben. Welche Daten im Falle<br \/>eines Kontaktformulars erhoben werden, ist aus dem jeweiligen<br \/>Kontaktformular ersichtlich. Diese Daten werden ausschlie\u00dflich zum Zweck<br \/>der Beantwortung Ihres Anliegens bzw. f\u00fcr die Kontaktaufnahme und die<br \/>damit verbundene technische Administration gespeichert und verwendet.<br \/>Rechtsgrundlage f\u00fcr die Verarbeitung der Daten ist unser berechtigtes<br \/>Interesse an der Beantwortung Ihres Anliegens gem\u00e4\u00df Art. 6 Abs. 1 lit. f<br \/>DSGVO. Zielt Ihre Kontaktierung auf den Abschluss eines Vertrages ab,<br \/>so ist zus\u00e4tzliche Rechtsgrundlage f\u00fcr die Verarbeitung Art. 6 Abs. 1<br \/>lit. b DSGVO. Ihre Daten werden nach abschlie\u00dfender Bearbeitung Ihrer<br \/>Anfrage gel\u00f6scht, dies ist der Fall, wenn sich aus den Umst\u00e4nden<br \/>entnehmen l\u00e4sst, dass der betroffene Sachverhalt abschlie\u00dfend gekl\u00e4rt<br \/>ist und sofern keine gesetzlichen Aufbewahrungspflichten entgegenstehen.<\/p><p><strong>Nutzung Ihrer Daten bei Bewerbungen<\/strong><\/p><p>Im Zuge des Bewerbungs\u00adverfahrens erheben und ver\u00adar\u00adbei\u00adten wir<br \/>personen\u00adbezogene Daten, auch auf elek\u00adtroni\u00adschem Wege.<br \/>Rechts\u00adgrund\u00adlage f\u00fcr die Verar\u00adbei\u00adtung ist Art. 6 Abs. Lit. b bzw. f<br \/>DSGVO. Zweck ist, dass Bewer\u00adbungs\u00adver\u00adfah\u00adren durch\u00adzu\u00adf\u00fchren.<\/p><p>Erfolgt ein Vertrags\u00adabschluss mit einem Bewerber, werden die bereits<br \/>ver\u00adar\u00adbei\u00adte\u00adten per\u00adsonen\u00adbezo\u00adgenen Daten zum Zwecke der Abwick\u00adlung<br \/>des Besch\u00e4f\u00adtigungs\u00adver\u00adh\u00e4lt\u00adnis\u00adses gespeichert. Dabei werden die<br \/>gesetz\u00adlichen Vor\u00adschrif\u00adten beachtet. Die Daten werden gel\u00f6scht, sobald<br \/>sie f\u00fcr die Er\u00adrei\u00adchung des Zwecks ihrer Erhe\u00adbung nicht mehr<br \/>erfor\u00adder\u00adlich sind. Erfolgt hingegen kein Ver\u00adtrags\u00adab\u00adschluss mit dem<br \/>Be\u00adwer\u00adber, l\u00f6scht der Ver\u00adant\u00adwort\u00adliche die per\u00adsonen\u00adbezo\u00adgenen Daten<br \/>zwei Monate, nachdem er die Absage bekannt gegeben hat. Dies gilt<br \/>ledig\u00adlich vorbe\u00adhalt\u00adlich sons\u00adtiger der L\u00f6schung ent\u00adgegen\u00adstehen\u00adder<br \/>berech\u00adtigter Inter\u00adessen. Ein solches berech\u00adtigtes Inter\u00adesse ist dann<br \/>anzu\u00adnehmen, wenn die per\u00adsonen\u00adbezo\u00adgenen Daten ben\u00f6\u00adtigt werden, um<br \/>eine Beweis\u00adpflicht in einem Ver\u00adfah\u00adren nach dem allge\u00admei\u00adnen<br \/>Gleich\u00adbehand\u00adlungs\u00adgrund\u00adsatz nach\u00adzu\u00adkommen.<\/p><p>Der Nutzer hat jederzeit die M\u00f6g\u00adlich\u00adkeit, das Bewer\u00adbungs\u00adver\u00adfah\u00adren und somit die<br \/>Ver\u00adar\u00adbei\u00adtung seiner per\u00adsonen\u00adbezo\u00adgenen Daten zu beenden. Alle<br \/>per\u00adsonen\u00adbezo\u00adgenen Daten, die im Zuge des Bewer\u00adbungs\u00adver\u00adfah\u00adrens<br \/>gespei\u00adchert wurden, werden in diesem Fall gel\u00f6scht, sofern nicht ein<br \/>vor\u00adbe\u00adzeich\u00adnetes Inter\u00adesse des Ver\u00adwen\u00adders an der Spei\u00adcherung<br \/>besteht.<\/p><p><strong>Nutzung Ihrer Daten zur Direktwerbung<\/strong><\/p><p><strong>Anmeldung zu unserem E-Mail-Newsletter<\/strong><br \/>Wenn Sie sich zu unserem E-Mail Newsletter anmelden, \u00fcbersenden wir Ihnen<br \/>regelm\u00e4\u00dfig Informationen zu unseren Angeboten. Pflichtangabe f\u00fcr die<br \/>\u00dcbersendung des Newsletters ist allein Ihre E-Mailadresse. Die Angabe<br \/>weiterer evtl. Daten ist freiwillig und wird verwendet, um Sie<br \/>pers\u00f6nlich ansprechen zu k\u00f6nnen. F\u00fcr den Versand des Newsletters<br \/>verwenden wir das sog. Double Opt-in Verfahren. Dies bedeutet, dass wir<br \/>Ihnen erst dann einen E-Mail Newsletter \u00fcbermitteln werden, wenn Sie uns<br \/>ausdr\u00fccklich best\u00e4tigt haben, dass Sie in den Versand von Newsletter<br \/>einwilligen. Wir schicken Ihnen dann eine Best\u00e4tigungs-E-Mail, mit der<br \/>Sie gebeten werden durch Anklicken eines entsprechenden Links zu<br \/>best\u00e4tigen, dass Sie k\u00fcnftig Newsletter erhalten wollen.<br \/>Mit der Aktivierung des Best\u00e4tigungslinks erteilen Sie uns Ihre Einwilligung f\u00fcr<br \/>die Nutzung Ihrer personenbezogenen Daten gem\u00e4\u00df Art. 6 Abs. 1 lit. a<br \/>DSGVO. Bei der Anmeldung zum Newsletter speichern wir Ihre vom Internet<br \/>Service-Provider (ISP) eingetragene IP-Adresse sowie das Datum und die<br \/>Uhrzeit der Anmeldung, um einen m\u00f6glichen Missbrauch Ihrer<br \/>E-Mail-Adresse zu einem sp\u00e4teren Zeitpunkt nachvollziehen zu k\u00f6nnen. Die<br \/>von uns bei der Anmeldung zum Newsletter erhobenen Daten werden<br \/>ausschlie\u00dflich f\u00fcr Zwecke der werblichen Ansprache im Wege des<br \/>Newsletters benutzt. Sie k\u00f6nnen den Newsletter jederzeit \u00fcber den daf\u00fcr<br \/>vorgesehenen Link im Newsletter oder durch entsprechende Nachricht an<br \/>den eingangs genannten Verantwortlichen abbestellen. Nach erfolgter<br \/>Abmeldung wird Ihre E-Mailadresse unverz\u00fcglich in unserem<br \/>Newsletter-Verteiler gel\u00f6scht, soweit Sie nicht ausdr\u00fccklich in eine<br \/>weitere Nutzung Ihrer Daten eingewilligt haben oder wir uns eine<br \/>dar\u00fcberhinausgehende Datenverwendung vorbehalten, die gesetzlich erlaubt<br \/>ist und \u00fcber die wir Sie in dieser Erkl\u00e4rung informieren.<\/p><p><strong>Rechte des Betroffenen<\/strong><\/p><p>Das geltende Datenschutzrecht gew\u00e4hrt Ihnen gegen\u00fcber dem Verantwortlichen<br \/>hinsichtlich der Verarbeitung Ihrer personenbezogenen Daten umfassende<br \/>Betroffenenrechte (Auskunfts- und Interventionsrechte), \u00fcber die wir Sie<br \/>nachstehend informieren:<\/p><p><strong>Auskunftsrecht gem\u00e4\u00df Art. 15 DSGVO<\/strong>:<br \/>Sie haben insbesondere ein Recht auf Auskunft \u00fcber Ihre von uns<br \/>verarbeiteten personenbezogenen Daten, die Verarbeitungszwecke, die<br \/>Kategorien der verarbeiteten personenbezogenen Daten, die Empf\u00e4nger oder<br \/>Kategorien von Empf\u00e4ngern, gegen\u00fcber denen Ihre Daten offengelegt<br \/>wurden oder werden, die geplante Speicherdauer bzw. die Kriterien f\u00fcr<br \/>die Festlegung der Speicherdauer, das Bestehen eines Rechts auf<br \/>Berichtigung, L\u00f6schung, Einschr\u00e4nkung der Verarbeitung, Widerspruch<br \/>gegen die Verarbeitung, Beschwerde bei einer Aufsichtsbeh\u00f6rde, die<br \/>Herkunft Ihrer Daten, wenn diese nicht durch uns bei Ihnen erhoben<br \/>wurden, das Bestehen einer automatisierten Entscheidungsfindung<br \/>einschlie\u00dflich Profiling und ggf. aussagekr\u00e4ftige Informationen \u00fcber die<br \/>involvierte Logik und die Sie betreffende Tragweite und die<br \/>angestrebten Auswirkungen einer solchen Verarbeitung, sowie Ihr Recht<br \/>auf Unterrichtung, welche Garantien gem\u00e4\u00df Art. 46 DSGVO bei<br \/>Weiterleitung Ihrer Daten in Drittl\u00e4nder bestehen;<\/p><p><strong>Recht auf Berichtigung gem\u00e4\u00df Art. 16 DSGVO<\/strong>:<br \/>Sie haben ein Recht auf unverz\u00fcgliche Berichtigung Sie betreffender<br \/>unrichtiger Daten und\/oder Vervollst\u00e4ndigung Ihrer bei uns gespeicherten<br \/>unvollst\u00e4ndigen Daten;<\/p><p><strong>Recht auf L\u00f6schung gem\u00e4\u00df Art. 17 DSGVO<\/strong>:<br \/>Sie haben das Recht, die L\u00f6schung Ihrer personenbezogenen Daten bei<br \/>Vorliegen der Voraussetzungen des Art. 17 Abs. 1 DSGVO zu verlangen.<br \/>Dieses Recht besteht jedoch insbesondere dann nicht, wenn die<br \/>Verarbeitung zur Aus\u00fcbung des Rechts auf freie Meinungs\u00e4u\u00dferung und<br \/>Information, zur Erf\u00fcllung einer rechtlichen Verpflichtung, aus Gr\u00fcnden<br \/>des \u00f6ffentlichen Interesses oder zur Geltendmachung, Aus\u00fcbung oder<br \/>Verteidigung von Rechtsanspr\u00fcchen erforderlich ist;<\/p><p><strong>Recht auf Einschr\u00e4nkung der Verarbeitung gem\u00e4\u00df Art. 18 DSGVO<\/strong>:<br \/>Sie haben das Recht, die Einschr\u00e4nkung der Verarbeitung Ihrer<br \/>personenbezogenen Daten zu verlangen, solange die von Ihnen bestrittene<br \/>Richtigkeit Ihrer Daten \u00fcberpr\u00fcft wird, wenn Sie eine L\u00f6schung Ihrer<br \/>Daten wegen unzul\u00e4ssiger Datenverarbeitung ablehnen und stattdessen die<br \/>Einschr\u00e4nkung der Verarbeitung Ihrer Daten verlangen, wenn Sie Ihre<br \/>Daten zur Geltendmachung, Aus\u00fcbung oder Verteidigung von<br \/>Rechtsanspr\u00fcchen ben\u00f6tigen, nachdem wir diese Daten nach Zweckerreichung<br \/>nicht mehr ben\u00f6tigen oder wenn Sie Widerspruch aus Gr\u00fcnden Ihrer<br \/>besonderen Situation eingelegt haben, solange noch nicht feststeht, ob<br \/>unsere berechtigten Gr\u00fcnde \u00fcberwiegen;<\/p><p><strong>Recht auf Unterrichtung gem\u00e4\u00df Art. 19 DSGVO<\/strong>:<br \/>Haben Sie das Recht auf Berichtigung, L\u00f6schung oder Einschr\u00e4nkung der<br \/>Verarbeitung gegen\u00fcber dem Verantwortlichen geltend gemacht, ist dieser<br \/>verpflichtet, allen Empf\u00e4ngern, denen die Sie betreffenden<br \/>personenbezogenen Daten offengelegt wurden, diese Berichtigung oder<br \/>L\u00f6schung der Daten oder Einschr\u00e4nkung der Verarbeitung mitzuteilen, es<br \/>sei denn, dies erweist sich als unm\u00f6glich oder ist mit einem<br \/>unverh\u00e4ltnism\u00e4\u00dfigen Aufwand verbunden. Ihnen steht das Recht zu, \u00fcber<br \/>diese Empf\u00e4nger unterrichtet zu werden.<\/p><p><strong>Recht auf Daten\u00fcbertragbarkeit gem\u00e4\u00df Art. 20 DSGVO<\/strong>:<br \/>Sie haben das Recht, Ihre personenbezogenen Daten, die Sie uns<br \/>bereitgestellt haben, in einem strukturierten, g\u00e4ngigen und<br \/>maschinenlesebaren Format zu erhalten oder die \u00dcbermittlung an einen<br \/>anderen Verantwortlichen zu verlangen, soweit dies technisch machbar<br \/>ist;<\/p><p><strong>Recht auf Widerruf erteilter Einwilligungen gem\u00e4\u00df Art. 7 Abs. 3 DSGVO<\/strong>:<br \/>Sie haben das Recht, eine einmal erteilte Einwilligung in die<br \/>Verarbeitung von Daten jederzeit mit Wirkung f\u00fcr die Zukunft zu<br \/>widerrufen. Im Falle des Widerrufs werden wir die betroffenen Daten<br \/>unverz\u00fcglich l\u00f6schen, sofern eine weitere Verarbeitung nicht auf eine<br \/>Rechtsgrundlage zur einwilligungslosen Verarbeitung gest\u00fctzt werden<br \/>kann. Durch den Widerruf der Einwilligung wird die Rechtm\u00e4\u00dfigkeit der<br \/>aufgrund der Einwilligung bis zum Widerruf erfolgten Verarbeitung nicht<br \/>ber\u00fchrt;<\/p><p><strong>Recht auf Beschwerde gem\u00e4\u00df Art. 77 DSGVO<\/strong>E\u011fer sen<br \/>der Ansicht sind, dass die Verarbeitung der Sie betreffenden<br \/>personenbezogenen Daten gegen die DSGVO verst\u00f6\u00dft, haben Sie \u2013<br \/>unbeschadet eines anderweitigen verwaltungsrechtlichen oder<br \/>gerichtlichen Rechtsbehelfs \u2013 das Recht auf Beschwerde bei einer<br \/>Aufsichtsbeh\u00f6rde, insbesondere in dem Mitgliedstaat Ihres<br \/>Aufenthaltsortes, Ihres Arbeitsplatzes oder des Ortes des mutma\u00dflichen<br \/>Versto\u00dfes. Eine Liste der deutschen Datenschutzbeauftragten sowie deren<br \/>Kontaktdaten k\u00f6nnen folgendem Link entnommen werden:<br \/><a href=\"https:\/\/www.bfdi.bund.de\/DE\/Service\/Anschriften\/Laender\/Laender-node.html\">https:\/\/www.bfdi.bund.de\/DE\/Service\/Anschriften\/Laender\/Laender-node.html<\/a><\/p><p><strong>WIDERSPRUCHSRECHT<\/strong><br \/>WENN WIR IM RAHMEN EINER INTERESSENABW\u00c4GUNG IHRE PERSONENBEZOGENEN<br \/>DATEN AUFGRUND UNSERES \u00dcBERWIEGENDEN BERECHTIGTEN INTERESSES<br \/>VERARBEITEN, HABEN SIE DAS JEDERZEITIGE RECHT, AUS GR\u00dcNDEN, DIE SICH AUS<br \/>IHRER BESONDEREN SITUATION ERGEBEN, GEGEN DIESE VERARBEITUNG<br \/>WIDERSPRUCH MIT WIRKUNG F\u00dcR DIE ZUKUNFT EINZULEGEN.<br \/>MACHEN SIE VON<br \/>IHREM WIDERSPRUCHSRECHT GEBRAUCH, BEENDEN WIR DIE VERARBEITUNG DER<br \/>BETROFFENEN DATEN. EINE WEITERVERARBEITUNG BLEIBT ABER VORBEHALTEN, WENN<br \/>WIR ZWINGENDE SCHUTZW\u00dcRDIGE GR\u00dcNDE F\u00dcR DIE VERARBEITUNG NACHWEISEN<br \/>K\u00d6NNEN, DIE IHRE INTERESSEN, GRUNDRECHTE UND GRUNDFREIHEITEN \u00dcBERWIEGEN,<br \/>ODER WENN DIE VERARBEITUNG DER GELTENDMACHUNG, AUS\u00dcBUNG ODER<br \/>VERTEIDIGUNG VON RECHTSANSPR\u00dcCHEN DIENT.<br \/>WERDEN IHRE<br \/>PERSONENBEZOGENEN DATEN VON UNS VERARBEITET, UM DIREKTWERBUNG ZU<br \/>BETREIBEN, HABEN SIE DAS RECHT, JEDERZEIT WIDERSPRUCH GEGEN DIE<br \/>VERARBEITUNG SIE BETREFFENDER PERSONENBEZOGENER DATEN ZUM ZWECKE<br \/>DERARTIGER WERBUNG EINZULEGEN. SIE K\u00d6NNEN DEN WIDERSPRUCH WIE OBEN<br \/>BESCHRIEBEN AUS\u00dcBEN.<br \/>MACHEN SIE VON IHREM WIDERSPRUCHSRECHT GEBRAUCH, BEENDEN WIR DIE VERARBEITUNG DER BETROFFENEN DATEN ZU DIREKTWERBEZWECKEN.<\/p><p><strong>Dauer der Speicherung personenbezogener Daten<\/strong><\/p><p>Die Dauer der Speicherung von personenbezogenen Daten bemisst sich anhand<br \/>der jeweiligen gesetzlichen Aufbewahrungsfrist (z. B. handels- und<br \/>steuerrechtliche Aufbewahrungsfristen). Nach Ablauf der Frist werden die<br \/>entsprechenden Daten routinem\u00e4\u00dfig gel\u00f6scht, sofern sie nicht mehr zur<br \/>Vertragserf\u00fcllung oder Vertragsanbahnung erforderlich sind und\/oder<br \/>unsererseits kein berechtigtes Interesse an der Weiterspeicherung<br \/>fortbesteht.<\/p><p><strong>\u00a0<\/strong><\/p><p>\u00a0<\/p><p>\u00a0<\/p>\t\t\t\t\t\t\t\t<\/div>\n\t\t\t\t<\/div>\n\t\t\t\t\t<\/div>\n\t\t\t\t<\/div>\n\t\t\t\t<\/div>","protected":false},"excerpt":{"rendered":"<p>Datenschutzerkl\u00e4rung Vielen Dank f\u00fcr Ihr Interesse anunserem Internetauftritt. Wir legen gro\u00dfen Wert auf den Schutz IhrerDaten und die Wahrung Ihrer Privatsph\u00e4re. Um [&hellip;]<\/p>\n","protected":false},"author":1,"featured_media":0,"parent":0,"menu_order":0,"comment_status":"closed","ping_status":"closed","template":"","meta":{"footnotes":""},"class_list":["post-84","page","type-page","status-publish","hentry"],"_links":{"self":[{"href":"https:\/\/rolandhome.de\/tr\/wp-json\/wp\/v2\/pages\/84","targetHints":{"allow":["GET"]}}],"collection":[{"href":"https:\/\/rolandhome.de\/tr\/wp-json\/wp\/v2\/pages"}],"about":[{"href":"https:\/\/rolandhome.de\/tr\/wp-json\/wp\/v2\/types\/page"}],"author":[{"embeddable":true,"href":"https:\/\/rolandhome.de\/tr\/wp-json\/wp\/v2\/users\/1"}],"replies":[{"embeddable":true,"href":"https:\/\/rolandhome.de\/tr\/wp-json\/wp\/v2\/comments?post=84"}],"version-history":[{"count":9,"href":"https:\/\/rolandhome.de\/tr\/wp-json\/wp\/v2\/pages\/84\/revisions"}],"predecessor-version":[{"id":1159,"href":"https:\/\/rolandhome.de\/tr\/wp-json\/wp\/v2\/pages\/84\/revisions\/1159"}],"wp:attachment":[{"href":"https:\/\/rolandhome.de\/tr\/wp-json\/wp\/v2\/media?parent=84"}],"curies":[{"name":"wp","href":"https:\/\/api.w.org\/{rel}","templated":true}]}}