{"id":448,"date":"2025-06-03T18:28:32","date_gmt":"2025-06-03T16:28:32","guid":{"rendered":"https:\/\/bekaibeauty-i6nscrzm4r.live-website.com\/?page_id=448"},"modified":"2025-08-17T18:31:40","modified_gmt":"2025-08-17T16:31:40","slug":"agbs","status":"publish","type":"page","link":"https:\/\/rolandhome.de\/tr\/agbs\/","title":{"rendered":"AGB&#8217;s"},"content":{"rendered":"<div data-elementor-type=\"wp-page\" data-elementor-id=\"448\" class=\"elementor elementor-448\" data-elementor-settings=\"{&quot;element_pack_global_tooltip_width&quot;:{&quot;unit&quot;:&quot;px&quot;,&quot;size&quot;:&quot;&quot;,&quot;sizes&quot;:[]},&quot;element_pack_global_tooltip_width_tablet&quot;:{&quot;unit&quot;:&quot;px&quot;,&quot;size&quot;:&quot;&quot;,&quot;sizes&quot;:[]},&quot;element_pack_global_tooltip_width_mobile&quot;:{&quot;unit&quot;:&quot;px&quot;,&quot;size&quot;:&quot;&quot;,&quot;sizes&quot;:[]},&quot;element_pack_global_tooltip_padding&quot;:{&quot;unit&quot;:&quot;px&quot;,&quot;top&quot;:&quot;&quot;,&quot;right&quot;:&quot;&quot;,&quot;bottom&quot;:&quot;&quot;,&quot;left&quot;:&quot;&quot;,&quot;isLinked&quot;:true},&quot;element_pack_global_tooltip_padding_tablet&quot;:{&quot;unit&quot;:&quot;px&quot;,&quot;top&quot;:&quot;&quot;,&quot;right&quot;:&quot;&quot;,&quot;bottom&quot;:&quot;&quot;,&quot;left&quot;:&quot;&quot;,&quot;isLinked&quot;:true},&quot;element_pack_global_tooltip_padding_mobile&quot;:{&quot;unit&quot;:&quot;px&quot;,&quot;top&quot;:&quot;&quot;,&quot;right&quot;:&quot;&quot;,&quot;bottom&quot;:&quot;&quot;,&quot;left&quot;:&quot;&quot;,&quot;isLinked&quot;:true},&quot;element_pack_global_tooltip_border_radius&quot;:{&quot;unit&quot;:&quot;px&quot;,&quot;top&quot;:&quot;&quot;,&quot;right&quot;:&quot;&quot;,&quot;bottom&quot;:&quot;&quot;,&quot;left&quot;:&quot;&quot;,&quot;isLinked&quot;:true},&quot;element_pack_global_tooltip_border_radius_tablet&quot;:{&quot;unit&quot;:&quot;px&quot;,&quot;top&quot;:&quot;&quot;,&quot;right&quot;:&quot;&quot;,&quot;bottom&quot;:&quot;&quot;,&quot;left&quot;:&quot;&quot;,&quot;isLinked&quot;:true},&quot;element_pack_global_tooltip_border_radius_mobile&quot;:{&quot;unit&quot;:&quot;px&quot;,&quot;top&quot;:&quot;&quot;,&quot;right&quot;:&quot;&quot;,&quot;bottom&quot;:&quot;&quot;,&quot;left&quot;:&quot;&quot;,&quot;isLinked&quot;:true}}\">\n\t\t\t\t\t\t<div class=\"elementor-section elementor-top-section elementor-element elementor-element-5ba8fecb elementor-section-boxed elementor-section-height-default elementor-section-height-default\" data-id=\"5ba8fecb\" data-element_type=\"section\" data-settings=\"{&quot;background_background&quot;:&quot;classic&quot;}\">\n\t\t\t\t\t\t\t<div class=\"elementor-background-overlay\"><\/div>\n\t\t\t\t\t\t\t<div class=\"elementor-container elementor-column-gap-default\">\n\t\t\t\t\t<div class=\"elementor-column elementor-col-100 elementor-top-column elementor-element elementor-element-2fba47e6\" data-id=\"2fba47e6\" data-element_type=\"column\">\n\t\t\t<div class=\"elementor-widget-wrap elementor-element-populated\">\n\t\t\t\t\t\t<div class=\"elementor-element elementor-element-21ff338f elementor-widget elementor-widget-heading\" data-id=\"21ff338f\" data-element_type=\"widget\" data-widget_type=\"heading.default\">\n\t\t\t\t<div class=\"elementor-widget-container\">\n\t\t\t\t\t<h1 class=\"elementor-heading-title elementor-size-default\">Genel \u015eartlar ve Ko\u015fullar<\/h1>\t\t\t\t<\/div>\n\t\t\t\t<\/div>\n\t\t\t\t\t<\/div>\n\t\t<\/div>\n\t\t\t\t\t<\/div>\n\t\t<\/div>\n\t\t<div class=\"elementor-element elementor-element-0a5fb66 e-flex e-con-boxed e-con e-parent\" data-id=\"0a5fb66\" data-element_type=\"container\">\n\t\t\t\t\t<div class=\"e-con-inner\">\n\t\t\t\t<div class=\"elementor-element elementor-element-26d7577 elementor-widget elementor-widget-text-editor\" data-id=\"26d7577\" data-element_type=\"widget\" data-widget_type=\"text-editor.default\">\n\t\t\t\t<div class=\"elementor-widget-container\">\n\t\t\t\t\t\t\t\t\t<div id=\"primary\" class=\"content-area\"><article id=\"post-3\" class=\"post-3 page type-page status-publish hentry\"><main class=\"entry-content\">Allgemeine Gesch\u00e4ftsbedingungen \u00a0 <b>1. Geltungsbereich<\/b><br \/>(1) Diese Allgemeinen Gesch\u00e4ftsbedingungen gelten f\u00fcr den Verkauf von Waren durch Roland Home UG (haftungsbeschr\u00e4nkt), Carl-Benz-Str.17, 35447 Reiskirchen (nachstehend als \u201ewir\u201c bzw. \u201euns\u201c bezeichnet) an den Kunden (nachstehend als \u201eKunde\u201c oder \u201eSie\u201c bzw. \u201eIhnen\u201c bezeichnet) in unserem Online-Shop.<p>(2) Abweichende und\/oder \u00fcber diese Allgemeinen Gesch\u00e4ftsbedingungen hinausgehende Gesch\u00e4ftsbedingungen des Kunden werden nicht Vertragsinhalt. <b>2. Unterscheidung zwischen Unternehmern und Verbrauchern<\/b><br \/>(1) Einige Regelungen dieser AGB gelten nicht gegen\u00fcber allen Kunden, sondern nur gegen\u00fcber Verbrauchern oder aber nur gegen\u00fcber Unternehmern. Wo dies der Fall ist, ist es an der betreffenden Stelle dieser AGB jeweils besonders gekennzeichnet.<\/p><p>(2) \u201eVerbraucher\u201c im Sinne dieser AGB ist entsprechend der gesetzlichen Definition in \u00a7 13 des b\u00fcrgerlichen Gesetzbuches jede nat\u00fcrliche Person, die ein Rechtsgesch\u00e4ft zu Zwecken abschlie\u00dft, die \u00fcberwiegend weder ihrer gewerblichen noch ihrer selbst\u00e4ndigen beruflichen T\u00e4tigkeit zugerechnet werden k\u00f6nnen.<\/p><p>(3) \u201eUnternehmer\u201c im Sinne dieser AGB sind entsprechend der gesetzlichen Definition in \u00a7 14 des b\u00fcrgerlichen Gesetzbuches nat\u00fcrliche und juristische Personen oder rechtsf\u00e4hige Personengesellschaften, die in Aus\u00fcbung ihrer gewerblichen oder selbst\u00e4ndigen beruflichen T\u00e4tigkeit mit uns in Gesch\u00e4ftsbeziehung treten.<\/p><p><b>3. Kundenkonto<\/b><br \/>(1) Zur bequemeren Nutzung des Online-Shops haben Sie die M\u00f6glichkeit, ein Kundenkonto zu er\u00f6ffnen. Sie sind verpflichtet, Ihre Zugangsdaten wie bspw. Ihr Passwort vertraulich zu behandeln, und uns im Falle des Verlusts oder einer unbefugten Nutzung Ihrer Zugangsdaten unverz\u00fcglich zu unterrichten.<\/p><p><b>4. Vertragsschluss, Vertragssprache<\/b><br \/>(1) Erst die Bestellung der Ware und\/oder Dienstleistung durch Sie ist ein bindendes Angebot zum Abschluss eines entsprechenden Vertrages. Um die Bestellung vorzunehmen, legen Sie die gew\u00e4hlte Ware in den Warenkorb, durchlaufen den weiteren Bestellprozess auf der Website und tragen die dort abgefragten Angaben ein. Vor Absendung der Bestellung haben Sie die M\u00f6glichkeit, s\u00e4mtliche Bestelldaten noch einmal zu \u00fcberpr\u00fcfen und ggf. zu korrigieren. Erst mit der Absendung der Bestellung geben Sie an uns ein verbindliches Angebot zum Abschluss eines Vertrages ab.<\/p><p>(2) Wir k\u00f6nnen Ihr Angebot innerhalb von zwei Tagen durch &#8211; Zusendung einer Auftragsbest\u00e4tigung per Post, Fax oder E-Mail, &#8211; Zusendung der Ware oder &#8211; Aufforderung zur Zahlung annehmen; ma\u00dfgeblich f\u00fcr die Einhaltung der Frist ist jeweils der Zeitpunkt des Zugangs unserer Auftragsbest\u00e4tigung, Ware oder Zahlungsaufforderung bei Ihnen.<\/p><p>(3) Vertragssprache ist Deutsch.<\/p><p><b>5. Speicherung der Vertragsbestimmungen<\/b><br \/>Wir speichern die Vertragsbestimmungen, also die Bestelldaten und die vorliegenden AGB. Sie k\u00f6nnen die Vertragsbestimmungen Ihrerseits ausdrucken oder speichern, indem Sie jeweils die \u00fcbliche Funktionalit\u00e4t Ihres Browsers nutzen (dort meist \u201eDrucken\u201c bzw. &#8222;Datei&#8220; &gt; &#8222;Speichern unter&#8220;). Die Bestelldaten sind in der Bestell\u00fcbersicht enthalten, die im letzten Schritt der Bestellung angezeigt wird. Die Vertragsbestimmungen einschlie\u00dflich der Allgemeinen Gesch\u00e4ftsbedingungen sind au\u00dferdem in der E-Mail mit der Bestellbest\u00e4tigung enthalten, die wir Ihnen im Falle der Annahme Ihrer Bestellung zusenden.<\/p><p><b>6. Lieferst\u00f6rungen<\/b><br \/>Sollte ein bestellter Artikel nicht lieferbar sein, weil wir von unserem Lieferanten ohne unser Verschulden trotz dessen vertraglicher Verpflichtung nicht beliefert werden, sind wir zum R\u00fccktritt von dem Vertrag berechtigt. In diesem Fall werden wir den Kunden unverz\u00fcglich dar\u00fcber informieren, dass die bestellte Ware nicht mehr verf\u00fcgbar ist und etwaige schon erbrachte Leistungen unverz\u00fcglich erstatten.<\/p><p><b>7. Zahlung<\/b><br \/>Ist Vorkasse vereinbart, so ist die Zahlung unverz\u00fcglich nach Vertragsschluss f\u00e4llig.<\/p><p><b>8. Eigentumsvorbehalt<\/b><br \/>(1) Gegen\u00fcber Verbrauchern gilt: Das von uns gelieferte Produkt bleibt bis zur vollst\u00e4ndigen Bezahlung unser Eigentum (Vorbehaltsware).<\/p><p>(2) Gegen\u00fcber Unternehmern gilt: Wir behalten uns das Eigentum an der Vorbehaltsware bis zum Eingang aller Zahlungen aus der Gesch\u00e4ftsbeziehung mit dem Kunden vor. Wir verpflichten uns, unsere Sicherheiten auf Wunsch des Kunden insoweit freizugeben, als der Wert unserer Sicherheiten die zu sichernden Forderungen um mehr als 20% \u00fcbersteigt; die Auswahl der freizugebenden Sicherheiten erfolgt durch uns. Der Kunde ist berechtigt, die Vorbehaltsware im ordentlichen Gesch\u00e4ftsgang an einen Dritten weiter zu ver\u00e4u\u00dfern; er tritt uns hiermit aber schon jetzt alle Forderungen ab, die ihm aus der Weiterver\u00e4u\u00dferung entstehen.<\/p><p><b>9. M\u00e4ngelanspr\u00fcche (Gew\u00e4hrleistung)<\/b><br \/>(1) Gegen\u00fcber Verbrauchern gilt: F\u00fcr unsere Gew\u00e4hrleistungsverpflichtungen gelten die gesetzlichen Gew\u00e4hrleistungsbestimmungen.<\/p><p>(2) Gegen\u00fcber Unternehmern gilt: Handelt der Kunde als Kaufmann im Sinne von \u00a7 1 des Handelsgesetzbuchs, so hat er die Ware unverz\u00fcglich nach Eingang zu untersuchen. Erkennbare M\u00e4ngel sind uns unverz\u00fcglich nach Eingang der Ware oder \u2013 wenn sich der Mangel erst sp\u00e4ter zeigt \u2013 unverz\u00fcglich ab Entdeckung schriftlich anzuzeigen. Zur Erhaltung der Rechte des Kunden gen\u00fcgt die rechtzeitige Absendung der Anzeige. Geschieht dies nicht, gilt die Ware als genehmigt. Dies gilt nicht, wenn wir den Mangel arglistig verschwiegen haben. Soweit ein Mangel der Kaufsache vorliegt, leisten wir zun\u00e4chst Gew\u00e4hr durch Nacherf\u00fcllung, und zwar nach unserer Wahl entweder in Form einer Mangelbeseitigung oder einer Ersatzlieferung. Ist die Nacherf\u00fcllung fehlgeschlagen, ist der Kunde berechtigt, die Gegenleistung zu mindern oder \u2013 bei erheblichen M\u00e4ngeln \u2013 vom Vertrag zur\u00fcckzutreten. Anspr\u00fcche des K\u00e4ufers wegen Sachm\u00e4ngeln verj\u00e4hren in einem Jahr ab Ablieferung des Kaufgegenstandes an den Kunden. Ausgenommen hiervon sind Schadensersatzanspr\u00fcche des K\u00e4ufers, die auf Ersatz eines K\u00f6rper- oder Gesundheitsschadens wegen eines von uns zu vertretenden Mangels gerichtet oder auf grobes Verschulden von uns oder unserer Erf\u00fcllungsgehilfen zur\u00fcckzuf\u00fchren sind; f\u00fcr diese Anspr\u00fcche gilt die gesetzliche Verj\u00e4hrungsfrist.<\/p><p><b>10. Haftungsausschl\u00fcsse und -beschr\u00e4nkungen<\/b><br \/>F\u00fcr eine Haftung von uns auf Schadensersatz gilt:<\/p><p>(1) Bei Vorsatz und grober Fahrl\u00e4ssigkeit, auch unserer Erf\u00fcllungsgehilfen, haften wir nach den gesetzlichen Bestimmungen. Das gleiche gilt bei fahrl\u00e4ssig verursachten Sch\u00e4den aus der Verletzung des Lebens, des K\u00f6rpers oder der Gesundheit.<\/p><p>(2) Bei fahrl\u00e4ssig verursachten Sach- und Verm\u00f6genssch\u00e4den haften wir nur bei der Verletzung einer wesentlichen Vertragspflicht, jedoch der H\u00f6he nach beschr\u00e4nkt auf die bei Vertragsschluss vorhersehbaren und vertragstypischen Sch\u00e4den; wesentliche Vertragspflichten sind solche, deren Erf\u00fcllung die ordnungsgem\u00e4\u00dfe Durchf\u00fchrung des Vertrags \u00fcberhaupt erst erm\u00f6glicht und auf deren Einhaltung der Vertragspartner regelm\u00e4\u00dfig vertrauen darf.<\/p><p>(3) Im \u00dcbrigen ist eine Haftung von uns, unabh\u00e4ngig von deren Rechtsgrund, ausgeschlossen.<br \/>(4) Die Haftungsausschl\u00fcsse und -beschr\u00e4nkungen der vorstehenden Abs\u00e4tze (1) bis (3) gelten sinngem\u00e4\u00df auch zugunsten unserer Erf\u00fcllungsgehilfen.<br \/>(5) Eine Haftung wegen \u00dcbernahme einer Garantie oder nach dem Produkthaftungsgesetz bleibt von den Haftungsausschl\u00fcssen und -beschr\u00e4nkungen der vorstehenden Abs\u00e4tze (1) bis (4) unber\u00fchrt.<\/p><p><b>11. Rechtswahl, Gerichtsstand<\/b><br \/>(1) Anwendbares Recht Es gilt das Recht der Bundesrepublik Deutschland. Das UN-Kaufrecht ist ausgeschlossen. Gegen\u00fcber einem Verbraucher gilt diese Rechtswahl nur insoweit, als dadurch keine zwingenden gesetzlichen Bestimmungen des Staates, in dem er seinen Wohnsitz oder gew\u00f6hnlichen Aufenthalt hat, eingeschr\u00e4nkt werden.<br \/>(2) Gerichtsstand Gerichtsstand im Verkehr mit Kaufleuten, juristischen Personen des \u00f6ffentlichen Rechts oder \u00f6ffentlich-rechtlichen Sonderverm\u00f6gen ist der Sitz unseres Unternehmens. Wir sind jedoch nach unserer Wahl berechtigt, am Sitz des Kunden zu klagen.<\/p><\/main><\/article><\/div>\t\t\t\t\t\t\t\t<\/div>\n\t\t\t\t<\/div>\n\t\t\t\t\t<\/div>\n\t\t\t\t<\/div>\n\t\t\t\t<\/div>","protected":false},"excerpt":{"rendered":"<p>AGB&#8217;s Allgemeine Gesch\u00e4ftsbedingungen \u00a0 1. Geltungsbereich(1) Diese Allgemeinen Gesch\u00e4ftsbedingungen gelten f\u00fcr den Verkauf von Waren durch Roland Home UG (haftungsbeschr\u00e4nkt), Carl-Benz-Str.17, 35447 [&hellip;]<\/p>\n","protected":false},"author":1,"featured_media":0,"parent":0,"menu_order":0,"comment_status":"closed","ping_status":"closed","template":"","meta":{"footnotes":""},"class_list":["post-448","page","type-page","status-publish","hentry"],"_links":{"self":[{"href":"https:\/\/rolandhome.de\/tr\/wp-json\/wp\/v2\/pages\/448","targetHints":{"allow":["GET"]}}],"collection":[{"href":"https:\/\/rolandhome.de\/tr\/wp-json\/wp\/v2\/pages"}],"about":[{"href":"https:\/\/rolandhome.de\/tr\/wp-json\/wp\/v2\/types\/page"}],"author":[{"embeddable":true,"href":"https:\/\/rolandhome.de\/tr\/wp-json\/wp\/v2\/users\/1"}],"replies":[{"embeddable":true,"href":"https:\/\/rolandhome.de\/tr\/wp-json\/wp\/v2\/comments?post=448"}],"version-history":[{"count":3,"href":"https:\/\/rolandhome.de\/tr\/wp-json\/wp\/v2\/pages\/448\/revisions"}],"predecessor-version":[{"id":1101,"href":"https:\/\/rolandhome.de\/tr\/wp-json\/wp\/v2\/pages\/448\/revisions\/1101"}],"wp:attachment":[{"href":"https:\/\/rolandhome.de\/tr\/wp-json\/wp\/v2\/media?parent=448"}],"curies":[{"name":"wp","href":"https:\/\/api.w.org\/{rel}","templated":true}]}}